{"id":90609,"date":"2021-06-01T10:53:52","date_gmt":"2021-06-01T10:53:52","guid":{"rendered":"https:\/\/neokdun.com\/cuidando-de-las-personas-y-del-planeta\/"},"modified":"2022-06-24T10:02:05","modified_gmt":"2022-06-24T10:02:05","slug":"cuidando-de-las-personas-y-del-planeta","status":"publish","type":"page","link":"https:\/\/neokdun.com\/es\/cuidando-de-las-personas-y-del-planeta\/","title":{"rendered":"Cuidando de las personas y del planeta"},"content":{"rendered":"<p>[vc_row unlock_row_content=\u00bbyes\u00bb row_height_percent=\u00bb0&#8243; override_padding=\u00bbyes\u00bb h_padding=\u00bb0&#8243; top_padding=\u00bb0&#8243; bottom_padding=\u00bb0&#8243; back_color=\u00bbcolor-388842&#8243; overlay_color=\u00bbcolor-jevc\u00bb overlay_alpha=\u00bb0&#8243; gutter_size=\u00bb3&#8243; column_width_percent=\u00bb100&#8243; shift_y=\u00bb0&#8243; z_index=\u00bb0&#8243; top_divider=\u00bbhills\u00bb bottom_divider=\u00bbtilt\u00bb css=\u00bb.vc_custom_1624623111394{margin-top: -20px !important;}\u00bb][vc_column column_width_percent=\u00bb100&#8243; gutter_size=\u00bb0&#8243; style=\u00bbdark\u00bb overlay_alpha=\u00bb50&#8243; shift_x=\u00bb0&#8243; shift_y=\u00bb0&#8243; shift_y_down=\u00bb0&#8243; z_index=\u00bb0&#8243; medium_width=\u00bb7&#8243; mobile_width=\u00bb0&#8243; css_animation=\u00bbalpha-anim\u00bb width=\u00bb1\/1&#8243;]\n\t\t\t<!-- START CareOfPeople REVOLUTION SLIDER 6.5.5 --><p class=\"rs-p-wp-fix\"><\/p>\n\t\t\t<rs-module-wrap id=\"rev_slider_5_1_wrapper\" data-source=\"gallery\" style=\"visibility:hidden;background:transparent;padding:0;margin:0px auto;margin-top:0;margin-bottom:0;\">\n\t\t\t\t<rs-module id=\"rev_slider_5_1\" style=\"\" data-version=\"6.5.5\">\n\t\t\t\t\t<rs-slides>\n\t\t\t\t\t\t<rs-slide style=\"position: absolute;\" data-key=\"rs-5\" data-title=\"Inicio\" data-in=\"o:0;\" data-out=\"a:false;\">\n\t\t\t\t\t\t\t<img src=\"\/\/neokdun.com\/wp-content\/plugins\/revslider\/public\/assets\/assets\/dummy.png\" title=\"BUCLE-LA-PALMA-NEOKDUN_5.jpeg\" width=\"1920\" height=\"1080\" class=\"rev-slidebg tp-rs-img rs-lazyload\" data-lazyload=\"\/\/clientes.procesyva.com\/neokdun\/wp-content\/uploads\/revslider\/video-media\/BUCLE-LA-PALMA-NEOKDUN_5.jpeg\" data-no-retina>\n\t\t\t\t\t\t\t<rs-bgvideo \n\t\t\t\t\t\t\t\tdata-video=\"w:100%;h:100%;nse:false;l:true;ptimer:false;vfc:true;\"\n\t\t\t\t\t\t\t\tdata-mp4=\"\/\/clientes.procesyva.com\/neokdun\/wp-content\/uploads\/2022\/05\/BUCLE-FINLANDIA-NEOKDUN-2.mp4\"\n\t\t\t\t\t\t\t><\/rs-bgvideo>\n<!---->\t\t\t\t\t\t<\/rs-slide>\n\t\t\t\t\t<\/rs-slides>\n\t\t\t\t<\/rs-module>\n\t\t\t\t<script type=\"text\/javascript\">\n\t\t\t\t\tsetREVStartSize({c: 'rev_slider_5_1',rl:[1240,1024,778,480],el:[900],gw:[1240],gh:[900],type:'standard',justify:'',layout:'fullwidth',mh:\"0\"});if (window.RS_MODULES!==undefined && window.RS_MODULES.modules!==undefined && window.RS_MODULES.modules[\"revslider51\"]!==undefined) {window.RS_MODULES.modules[\"revslider51\"].once = false;window.revapi5 = undefined;window.RS_MODULES.checkMinimal()}\n\t\t\t\t<\/script>\n\t\t\t<\/rs-module-wrap>\n\t\t\t<!-- END REVOLUTION SLIDER -->\n[\/vc_column][\/vc_row][vc_row unlock_row_content=\u00bbyes\u00bb row_height_percent=\u00bb0&#8243; override_padding=\u00bbyes\u00bb h_padding=\u00bb2&#8243; top_padding=\u00bb5&#8243; bottom_padding=\u00bb0&#8243; back_color=\u00bbcolor-388842&#8243; overlay_alpha=\u00bb50&#8243; equal_height=\u00bbyes\u00bb gutter_size=\u00bb2&#8243; column_width_percent=\u00bb100&#8243; shift_y=\u00bb0&#8243; z_index=\u00bb0&#8243;][vc_column column_width_percent=\u00bb100&#8243; gutter_size=\u00bb3&#8243; overlay_alpha=\u00bb50&#8243; shift_x=\u00bb0&#8243; shift_y=\u00bb0&#8243; shift_y_down=\u00bb0&#8243; z_index=\u00bb0&#8243; medium_width=\u00bb4&#8243; mobile_width=\u00bb0&#8243; width=\u00bb1\/2&#8243; uncode_shortcode_id=\u00bb103961&#8243;][vc_single_image media=\u00bb88779&#8243; media_width_percent=\u00bb100&#8243;][\/vc_column][vc_column column_width_percent=\u00bb100&#8243; gutter_size=\u00bb3&#8243; overlay_alpha=\u00bb50&#8243; shift_x=\u00bb0&#8243; shift_y=\u00bb0&#8243; shift_y_down=\u00bb0&#8243; z_index=\u00bb0&#8243; medium_width=\u00bb4&#8243; mobile_width=\u00bb0&#8243; width=\u00bb1\/2&#8243; uncode_shortcode_id=\u00bb159095&#8243;][vc_single_image media=\u00bb88780&#8243; media_width_percent=\u00bb100&#8243;][\/vc_column][\/vc_row][vc_row row_height_percent=\u00bb0&#8243; override_padding=\u00bbyes\u00bb h_padding=\u00bb2&#8243; top_padding=\u00bb0&#8243; bottom_padding=\u00bb2&#8243; back_color=\u00bbcolor-388842&#8243; overlay_alpha=\u00bb50&#8243; equal_height=\u00bbyes\u00bb gutter_size=\u00bb4&#8243; column_width_percent=\u00bb100&#8243; shift_y=\u00bb0&#8243; z_index=\u00bb0&#8243; el_class=\u00bbinverted-device-order\u00bb uncode_shortcode_id=\u00bb736949&#8243; back_color_type=\u00bbuncode-palette\u00bb][vc_column column_width_percent=\u00bb100&#8243; position_vertical=\u00bbmiddle\u00bb align_horizontal=\u00bbalign_center\u00bb gutter_size=\u00bb4&#8243; style=\u00bblight\u00bb overlay_alpha=\u00bb50&#8243; shift_x=\u00bb0&#8243; shift_y=\u00bb0&#8243; shift_y_down=\u00bb0&#8243; z_index=\u00bb0&#8243; medium_width=\u00bb0&#8243; mobile_width=\u00bb0&#8243; width=\u00bb1\/1&#8243;][vc_row_inner row_inner_height_percent=\u00bb0&#8243; overlay_alpha=\u00bb50&#8243; gutter_size=\u00bb3&#8243; shift_y=\u00bb0&#8243; z_index=\u00bb0&#8243; medium_visibility=\u00bbyes\u00bb mobile_visibility=\u00bbyes\u00bb uncode_shortcode_id=\u00bb108117&#8243; limit_content=\u00bb\u00bb][vc_column_inner width=\u00bb1\/1&#8243;][vc_empty_space empty_h=\u00bb3&#8243;][\/vc_column_inner][\/vc_row_inner][vc_row_inner limit_content=\u00bb\u00bb][vc_column_inner column_width_percent=\u00bb100&#8243; align_horizontal=\u00bbalign_center\u00bb gutter_size=\u00bb2&#8243; style=\u00bblight\u00bb overlay_alpha=\u00bb50&#8243; shift_x=\u00bb0&#8243; shift_y=\u00bb0&#8243; shift_y_down=\u00bb0&#8243; z_index=\u00bb0&#8243; medium_width=\u00bb0&#8243; mobile_width=\u00bb0&#8243; width=\u00bb1\/1&#8243;][vc_custom_heading heading_semantic=\u00bbh4&#8243; text_font=\u00bbfont-762333&#8243; text_size=\u00bbh4&#8243; text_weight=\u00bb300&#8243; mobile_visibility=\u00bbyes\u00bb el_class=\u00bbtitulo-video-home\u00bb uncode_shortcode_id=\u00bb828543&#8243;]NATURE MATTERS STORIES[\/vc_custom_heading][vc_custom_heading heading_semantic=\u00bbh4&#8243; text_font=\u00bbfont-762333&#8243; text_size=\u00bbfontsize-305237&#8243; text_weight=\u00bb300&#8243; desktop_visibility=\u00bbyes\u00bb medium_visibility=\u00bbyes\u00bb el_class=\u00bbtitulo-video-home\u00bb uncode_shortcode_id=\u00bb846104&#8243;]NATURE MATTERS STORIES[\/vc_custom_heading][vc_custom_heading heading_semantic=\u00bbh1&#8243; text_font=\u00bbfont-762333&#8243; text_size=\u00bbfontsize-445851&#8243; text_weight=\u00bb200&#8243; text_height=\u00bbfontheight-179065&#8243;]Care for People<br \/>\nand Planet[\/vc_custom_heading][\/vc_column_inner][\/vc_row_inner][vc_row_inner row_inner_height_percent=\u00bb0&#8243; overlay_alpha=\u00bb50&#8243; gutter_size=\u00bb3&#8243; shift_y=\u00bb0&#8243; z_index=\u00bb0&#8243; mobile_visibility=\u00bbyes\u00bb limit_content=\u00bb\u00bb uncode_shortcode_id=\u00bb111368&#8243;][vc_column_inner column_width_percent=\u00bb100&#8243; align_horizontal=\u00bbalign_center\u00bb gutter_size=\u00bb3&#8243; style=\u00bblight\u00bb overlay_alpha=\u00bb50&#8243; shift_x=\u00bb0&#8243; shift_y=\u00bb0&#8243; shift_y_down=\u00bb0&#8243; z_index=\u00bb0&#8243; medium_width=\u00bb0&#8243; mobile_width=\u00bb0&#8243; width=\u00bb1\/1&#8243;][vc_custom_heading heading_semantic=\u00bbp\u00bb text_font=\u00bbfont-762333&#8243; text_size=\u00bbfontsize-206339&#8243; text_weight=\u00bb300&#8243; text_uppercase=\u00bb\u00bb uncode_shortcode_id=\u00bb178705&#8243;]En Oulu nieva casi cada d\u00eda. Es una de las ciudades m\u00e1s septentrionales del planeta. Sus habitantes est\u00e1n acostumbrados a las temperaturas bajo cero y a moverse en bicicleta sobre una gran capa de nieve. Son un referente mundial en ciclismo urbano. El llamado \u201cmilagro de Oulu\u201d. Pero no se trata de magia, sino del resultado de urbanizar y cuidar sus numerosos kil\u00f3metros de v\u00edas ciclistas. Los carriles bici son lo primero que se limpia cuando nieva, porque por ellos pasa la vida de la ciudad. Pekka es de Oulu y se define a s\u00ed mismo como un \u201cingeniero del bienestar\u201d. Dise\u00f1a estas redes ciclistas para hacer de su ciudad un lugar m\u00e1s habitable y saludable.[\/vc_custom_heading][vc_custom_heading heading_semantic=\u00bbh3&#8243; text_font=\u00bbfont-762333&#8243; text_size=\u00bbfontsize-555560&#8243; text_weight=\u00bb400&#8243; medium_visibility=\u00bbyes\u00bb text_uppercase=\u00bb\u00bb uncode_shortcode_id=\u00bb888863&#8243;]Porque en Oulu cuidan a las personas<br \/>\nmientras cuidan el planeta.[\/vc_custom_heading][vc_custom_heading heading_semantic=\u00bbh3&#8243; text_font=\u00bbfont-762333&#8243; text_size=\u00bbfontsize-555560&#8243; text_weight=\u00bb400&#8243; desktop_visibility=\u00bbyes\u00bb mobile_visibility=\u00bbyes\u00bb text_uppercase=\u00bb\u00bb uncode_shortcode_id=\u00bb566971&#8243;]Porque en Oulu cuidan a las<br \/>\npersonas mientras cuidan el planeta.[\/vc_custom_heading][\/vc_column_inner][\/vc_row_inner][vc_row_inner row_inner_height_percent=\u00bb0&#8243; overlay_alpha=\u00bb50&#8243; gutter_size=\u00bb3&#8243; shift_y=\u00bb0&#8243; z_index=\u00bb0&#8243; desktop_visibility=\u00bbyes\u00bb medium_visibility=\u00bbyes\u00bb limit_content=\u00bb\u00bb uncode_shortcode_id=\u00bb591478&#8243;][vc_column_inner column_width_percent=\u00bb100&#8243; align_horizontal=\u00bbalign_center\u00bb gutter_size=\u00bb3&#8243; style=\u00bblight\u00bb overlay_alpha=\u00bb50&#8243; shift_x=\u00bb0&#8243; shift_y=\u00bb0&#8243; shift_y_down=\u00bb0&#8243; z_index=\u00bb0&#8243; medium_width=\u00bb0&#8243; mobile_width=\u00bb0&#8243; width=\u00bb1\/1&#8243; uncode_shortcode_id=\u00bb509117&#8243;][vc_custom_heading heading_semantic=\u00bbp\u00bb text_font=\u00bbfont-762333&#8243; text_size=\u00bbfontsize-305237&#8243; text_weight=\u00bb300&#8243; text_uppercase=\u00bb\u00bb uncode_shortcode_id=\u00bb162279&#8243; el_class=\u00bbjustify-content\u00bb]En Oulu nieva casi cada d\u00eda. Es una de las ciudades m\u00e1s septentrionales del planeta. Sus habitantes est\u00e1n acostumbrados a las temperaturas bajo cero y a moverse en bicicleta sobre una gran capa de nieve. Son un referente mundial en ciclismo urbano. El llamado \u201cmilagro de Oulu\u201d. Pero no se trata de magia, sino del resultado de urbanizar y cuidar sus numerosos kil\u00f3metros de v\u00edas ciclistas. Los carriles bici son lo primero que se limpia cuando nieva, porque por ellos pasa la vida de la ciudad. Pekka es de Oulu y se define a s\u00ed mismo como un \u201cingeniero del bienestar\u201d. Dise\u00f1a estas redes ciclistas para hacer de su ciudad un lugar m\u00e1s habitable y saludable.[\/vc_custom_heading][vc_custom_heading heading_semantic=\u00bbh3&#8243; text_font=\u00bbfont-762333&#8243; text_size=\u00bbfontsize-661852&#8243; text_weight=\u00bb400&#8243; medium_visibility=\u00bbyes\u00bb text_uppercase=\u00bb\u00bb uncode_shortcode_id=\u00bb196844&#8243;]Porque en Oulu cuidan<br \/>\na las personas mientras<br \/>\ncuidan el planeta.[\/vc_custom_heading][\/vc_column_inner][\/vc_row_inner][vc_single_image media=\u00bb88469&#8243; media_width_use_pixel=\u00bbyes\u00bb alignment=\u00bbcenter\u00bb media_width_pixel=\u00bb100&#8243;][vc_row_inner row_inner_height_percent=\u00bb0&#8243; overlay_alpha=\u00bb50&#8243; gutter_size=\u00bb3&#8243; shift_y=\u00bb0&#8243; z_index=\u00bb0&#8243; mobile_visibility=\u00bbyes\u00bb limit_content=\u00bb\u00bb uncode_shortcode_id=\u00bb193290&#8243;][vc_column_inner column_width_percent=\u00bb100&#8243; align_horizontal=\u00bbalign_center\u00bb gutter_size=\u00bb3&#8243; style=\u00bblight\u00bb overlay_alpha=\u00bb50&#8243; shift_x=\u00bb0&#8243; shift_y=\u00bb0&#8243; shift_y_down=\u00bb0&#8243; z_index=\u00bb0&#8243; medium_width=\u00bb0&#8243; mobile_width=\u00bb0&#8243; width=\u00bb1\/1&#8243;][vc_custom_heading heading_semantic=\u00bbp\u00bb text_font=\u00bbfont-762333&#8243; text_size=\u00bbfontsize-206339&#8243; text_weight=\u00bb300&#8243; text_uppercase=\u00bb\u00bb uncode_shortcode_id=\u00bb168032&#8243;]Mediante un proceso controlado, en <strong>Neokdun\u00ae<\/strong> utilizamos materiales de relleno ligeros y transpirables que mejoran la calidad de vida de quien lo utiliza. Con este est\u00e1ndar de calidad ecol\u00f3gica, cuidamos el medio ambiente, cuidando a las personas.[\/vc_custom_heading][vc_custom_heading heading_semantic=\u00bbh3&#8243; text_font=\u00bbfont-762333&#8243; text_size=\u00bbfontsize-555560&#8243; text_weight=\u00bb400&#8243; text_uppercase=\u00bb\u00bb uncode_shortcode_id=\u00bb128507&#8243;]Ofrecer la mayor comodidad, adem\u00e1s de garantizar un proceso responsable y sostenible, es una de las premisas de <strong>Neokdun\u00ae.<\/strong>[\/vc_custom_heading][vc_custom_heading heading_semantic=\u00bbh3&#8243; text_font=\u00bbfont-762333&#8243; text_size=\u00bbfontsize-555560&#8243; text_weight=\u00bb400&#8243; text_uppercase=\u00bb\u00bb uncode_shortcode_id=\u00bb757445&#8243;]Cuidando de las personas y del planeta[\/vc_custom_heading][\/vc_column_inner][\/vc_row_inner][vc_row_inner row_inner_height_percent=\u00bb0&#8243; overlay_alpha=\u00bb50&#8243; gutter_size=\u00bb3&#8243; shift_y=\u00bb0&#8243; z_index=\u00bb0&#8243; desktop_visibility=\u00bbyes\u00bb medium_visibility=\u00bbyes\u00bb limit_content=\u00bb\u00bb uncode_shortcode_id=\u00bb441850&#8243;][vc_column_inner column_width_percent=\u00bb100&#8243; align_horizontal=\u00bbalign_center\u00bb gutter_size=\u00bb3&#8243; style=\u00bblight\u00bb overlay_alpha=\u00bb50&#8243; shift_x=\u00bb0&#8243; shift_y=\u00bb0&#8243; shift_y_down=\u00bb0&#8243; z_index=\u00bb0&#8243; medium_width=\u00bb0&#8243; mobile_width=\u00bb0&#8243; width=\u00bb1\/1&#8243; uncode_shortcode_id=\u00bb208074&#8243;][vc_custom_heading heading_semantic=\u00bbp\u00bb text_font=\u00bbfont-762333&#8243; text_size=\u00bbfontsize-305237&#8243; text_weight=\u00bb300&#8243; text_uppercase=\u00bb\u00bb uncode_shortcode_id=\u00bb866632&#8243; el_class=\u00bbjustify-content\u00bb]Mediante un proceso controlado, en <strong>Neokdun\u00ae<\/strong> utilizamos materiales de relleno ligeros y transpirables que mejoran la calidad de vida de quien lo utiliza. Con este est\u00e1ndar de calidad ecol\u00f3gica, cuidamos el medio ambiente, cuidando a las personas.[\/vc_custom_heading][vc_custom_heading heading_semantic=\u00bbh3&#8243; text_font=\u00bbfont-762333&#8243; text_size=\u00bbfontsize-661852&#8243; text_weight=\u00bb400&#8243; text_uppercase=\u00bb\u00bb uncode_shortcode_id=\u00bb176044&#8243;]Ofrecer la mayor comodidad, adem\u00e1s de garantizar un proceso responsable y sostenible, es una de las premisas de <strong>Neokdun\u00ae.<\/strong>[\/vc_custom_heading][\/vc_column_inner][\/vc_row_inner][\/vc_column][\/vc_row][vc_row unlock_row_content=\u00bbyes\u00bb row_height_percent=\u00bb0&#8243; back_color=\u00bbcolor-388842&#8243; overlay_alpha=\u00bb50&#8243; gutter_size=\u00bb3&#8243; column_width_percent=\u00bb100&#8243; shift_y=\u00bb0&#8243; z_index=\u00bb0&#8243; uncode_shortcode_id=\u00bb178918&#8243; back_color_type=\u00bbuncode-palette\u00bb][vc_column column_width_percent=\u00bb90&#8243; align_horizontal=\u00bbalign_center\u00bb gutter_size=\u00bb5&#8243; overlay_alpha=\u00bb50&#8243; shift_x=\u00bb0&#8243; shift_y=\u00bb0&#8243; shift_y_down=\u00bb0&#8243; z_index=\u00bb0&#8243; medium_width=\u00bb0&#8243; mobile_width=\u00bb0&#8243; width=\u00bb1\/1&#8243; uncode_shortcode_id=\u00bb679353&#8243; css=\u00bb.vc_custom_1653494488083{padding-top: 36px !important;padding-right: 36px !important;padding-bottom: 36px !important;padding-left: 36px !important;}\u00bb][vc_custom_heading heading_semantic=\u00bbh1&#8243; text_font=\u00bbfont-762333&#8243; text_size=\u00bbfontsize-160206&#8243; text_weight=\u00bb200&#8243; text_height=\u00bbfontheight-179065&#8243; separator=\u00bbyes\u00bb desktop_visibility=\u00bbyes\u00bb medium_visibility=\u00bbyes\u00bb uncode_shortcode_id=\u00bb200287&#8243;]Neokdun[\/vc_custom_heading][vc_single_image media=\u00bb90794&#8243; media_width_percent=\u00bb100&#8243; uncode_shortcode_id=\u00bb673543&#8243;][\/vc_column][\/vc_row]<\/p>\n","protected":false},"excerpt":{"rendered":"<p>[vc_row unlock_row_content=\u00bbyes\u00bb row_height_percent=\u00bb0&#8243; override_padding=\u00bbyes\u00bb h_padding=\u00bb0&#8243; top_padding=\u00bb0&#8243; bottom_padding=\u00bb0&#8243; back_color=\u00bbcolor-388842&#8243; overlay_color=\u00bbcolor-jevc\u00bb overlay_alpha=\u00bb0&#8243; gutter_size=\u00bb3&#8243; column_width_percent=\u00bb100&#8243; shift_y=\u00bb0&#8243; z_index=\u00bb0&#8243; top_divider=\u00bbhills\u00bb bottom_divider=\u00bbtilt\u00bb css=\u00bb.vc_custom_1624623111394{margin-top: -20px !important;}\u00bb][vc_column column_width_percent=\u00bb100&#8243; [&hellip;]<\/p>\n","protected":false},"author":5,"featured_media":0,"parent":0,"menu_order":0,"comment_status":"closed","ping_status":"closed","template":"","meta":[],"yoast_head":"<!-- This site is optimized with the Yoast SEO plugin v19.6 - https:\/\/yoast.com\/wordpress\/plugins\/seo\/ -->\n<title>Cuidando de las personas y del planeta - Neokdun<\/title>\n<meta name=\"robots\" content=\"index, follow, max-snippet:-1, max-image-preview:large, max-video-preview:-1\" \/>\n<link rel=\"canonical\" href=\"https:\/\/neokdun.com\/es\/cuidando-de-las-personas-y-del-planeta\/\" \/>\n<meta property=\"og:locale\" content=\"es_ES\" \/>\n<meta property=\"og:type\" content=\"article\" \/>\n<meta property=\"og:title\" content=\"Cuidando de las personas y del planeta - Neokdun\" \/>\n<meta property=\"og:description\" content=\"[vc_row unlock_row_content=\u00bbyes\u00bb row_height_percent=\u00bb0&#8243; override_padding=\u00bbyes\u00bb h_padding=\u00bb0&#8243; top_padding=\u00bb0&#8243; bottom_padding=\u00bb0&#8243; back_color=\u00bbcolor-388842&#8243; overlay_color=\u00bbcolor-jevc\u00bb overlay_alpha=\u00bb0&#8243; gutter_size=\u00bb3&#8243; column_width_percent=\u00bb100&#8243; shift_y=\u00bb0&#8243; z_index=\u00bb0&#8243; top_divider=\u00bbhills\u00bb bottom_divider=\u00bbtilt\u00bb css=\u00bb.vc_custom_1624623111394{margin-top: -20px !important;}\u00bb][vc_column column_width_percent=\u00bb100&#8243; [&hellip;]\" \/>\n<meta property=\"og:url\" content=\"https:\/\/neokdun.com\/es\/cuidando-de-las-personas-y-del-planeta\/\" \/>\n<meta property=\"og:site_name\" content=\"Neokdun\" \/>\n<meta property=\"article:publisher\" content=\"https:\/\/www.facebook.com\/Neokdun-107583101954896\" \/>\n<meta property=\"article:modified_time\" content=\"2022-06-24T10:02:05+00:00\" \/>\n<meta name=\"twitter:card\" content=\"summary_large_image\" \/>\n<meta name=\"twitter:label1\" content=\"Tiempo de lectura\" \/>\n\t<meta name=\"twitter:data1\" content=\"7 minutos\" \/>\n<script type=\"application\/ld+json\" class=\"yoast-schema-graph\">{\"@context\":\"https:\/\/schema.org\",\"@graph\":[{\"@type\":\"WebPage\",\"@id\":\"https:\/\/neokdun.com\/es\/cuidando-de-las-personas-y-del-planeta\/\",\"url\":\"https:\/\/neokdun.com\/es\/cuidando-de-las-personas-y-del-planeta\/\",\"name\":\"Cuidando de las personas y del planeta - Neokdun\",\"isPartOf\":{\"@id\":\"https:\/\/neokdun.com\/#website\"},\"datePublished\":\"2021-06-01T10:53:52+00:00\",\"dateModified\":\"2022-06-24T10:02:05+00:00\",\"breadcrumb\":{\"@id\":\"https:\/\/neokdun.com\/es\/cuidando-de-las-personas-y-del-planeta\/#breadcrumb\"},\"inLanguage\":\"es\",\"potentialAction\":[{\"@type\":\"ReadAction\",\"target\":[\"https:\/\/neokdun.com\/es\/cuidando-de-las-personas-y-del-planeta\/\"]}]},{\"@type\":\"BreadcrumbList\",\"@id\":\"https:\/\/neokdun.com\/es\/cuidando-de-las-personas-y-del-planeta\/#breadcrumb\",\"itemListElement\":[{\"@type\":\"ListItem\",\"position\":1,\"name\":\"Home\",\"item\":\"https:\/\/neokdun.com\/es\/\"},{\"@type\":\"ListItem\",\"position\":2,\"name\":\"Cuidando de las personas y del planeta\"}]},{\"@type\":\"WebSite\",\"@id\":\"https:\/\/neokdun.com\/#website\",\"url\":\"https:\/\/neokdun.com\/\",\"name\":\"Neokdun\",\"description\":\"Neokdun Nature Matters\",\"publisher\":{\"@id\":\"https:\/\/neokdun.com\/#organization\"},\"potentialAction\":[{\"@type\":\"SearchAction\",\"target\":{\"@type\":\"EntryPoint\",\"urlTemplate\":\"https:\/\/neokdun.com\/?s={search_term_string}\"},\"query-input\":\"required name=search_term_string\"}],\"inLanguage\":\"es\"},{\"@type\":\"Organization\",\"@id\":\"https:\/\/neokdun.com\/#organization\",\"name\":\"Neokdun\",\"url\":\"https:\/\/neokdun.com\/\",\"sameAs\":[\"https:\/\/www.instagram.com\/neokdun\/\",\"https:\/\/www.linkedin.com\/company\/neokdun\/about\/\",\"https:\/\/www.youtube.com\/channel\/UCI2EOzcpGC3w1aWWxbR0MOQ\",\"https:\/\/www.facebook.com\/Neokdun-107583101954896\"],\"logo\":{\"@type\":\"ImageObject\",\"inLanguage\":\"es\",\"@id\":\"https:\/\/neokdun.com\/#\/schema\/logo\/image\/\",\"url\":\"https:\/\/neokdun.com\/wp-content\/uploads\/2022\/08\/logo-neokdun.png\",\"contentUrl\":\"https:\/\/neokdun.com\/wp-content\/uploads\/2022\/08\/logo-neokdun.png\",\"width\":1000,\"height\":1000,\"caption\":\"Neokdun\"},\"image\":{\"@id\":\"https:\/\/neokdun.com\/#\/schema\/logo\/image\/\"}}]}<\/script>\n<!-- \/ Yoast SEO plugin. -->","yoast_head_json":{"title":"Cuidando de las personas y del planeta - Neokdun","robots":{"index":"index","follow":"follow","max-snippet":"max-snippet:-1","max-image-preview":"max-image-preview:large","max-video-preview":"max-video-preview:-1"},"canonical":"https:\/\/neokdun.com\/es\/cuidando-de-las-personas-y-del-planeta\/","og_locale":"es_ES","og_type":"article","og_title":"Cuidando de las personas y del planeta - Neokdun","og_description":"[vc_row unlock_row_content=\u00bbyes\u00bb row_height_percent=\u00bb0&#8243; override_padding=\u00bbyes\u00bb h_padding=\u00bb0&#8243; top_padding=\u00bb0&#8243; bottom_padding=\u00bb0&#8243; back_color=\u00bbcolor-388842&#8243; overlay_color=\u00bbcolor-jevc\u00bb overlay_alpha=\u00bb0&#8243; gutter_size=\u00bb3&#8243; column_width_percent=\u00bb100&#8243; shift_y=\u00bb0&#8243; z_index=\u00bb0&#8243; top_divider=\u00bbhills\u00bb bottom_divider=\u00bbtilt\u00bb css=\u00bb.vc_custom_1624623111394{margin-top: -20px !important;}\u00bb][vc_column column_width_percent=\u00bb100&#8243; [&hellip;]","og_url":"https:\/\/neokdun.com\/es\/cuidando-de-las-personas-y-del-planeta\/","og_site_name":"Neokdun","article_publisher":"https:\/\/www.facebook.com\/Neokdun-107583101954896","article_modified_time":"2022-06-24T10:02:05+00:00","twitter_card":"summary_large_image","twitter_misc":{"Tiempo de lectura":"7 minutos"},"schema":{"@context":"https:\/\/schema.org","@graph":[{"@type":"WebPage","@id":"https:\/\/neokdun.com\/es\/cuidando-de-las-personas-y-del-planeta\/","url":"https:\/\/neokdun.com\/es\/cuidando-de-las-personas-y-del-planeta\/","name":"Cuidando de las personas y del planeta - Neokdun","isPartOf":{"@id":"https:\/\/neokdun.com\/#website"},"datePublished":"2021-06-01T10:53:52+00:00","dateModified":"2022-06-24T10:02:05+00:00","breadcrumb":{"@id":"https:\/\/neokdun.com\/es\/cuidando-de-las-personas-y-del-planeta\/#breadcrumb"},"inLanguage":"es","potentialAction":[{"@type":"ReadAction","target":["https:\/\/neokdun.com\/es\/cuidando-de-las-personas-y-del-planeta\/"]}]},{"@type":"BreadcrumbList","@id":"https:\/\/neokdun.com\/es\/cuidando-de-las-personas-y-del-planeta\/#breadcrumb","itemListElement":[{"@type":"ListItem","position":1,"name":"Home","item":"https:\/\/neokdun.com\/es\/"},{"@type":"ListItem","position":2,"name":"Cuidando de las personas y del planeta"}]},{"@type":"WebSite","@id":"https:\/\/neokdun.com\/#website","url":"https:\/\/neokdun.com\/","name":"Neokdun","description":"Neokdun Nature Matters","publisher":{"@id":"https:\/\/neokdun.com\/#organization"},"potentialAction":[{"@type":"SearchAction","target":{"@type":"EntryPoint","urlTemplate":"https:\/\/neokdun.com\/?s={search_term_string}"},"query-input":"required name=search_term_string"}],"inLanguage":"es"},{"@type":"Organization","@id":"https:\/\/neokdun.com\/#organization","name":"Neokdun","url":"https:\/\/neokdun.com\/","sameAs":["https:\/\/www.instagram.com\/neokdun\/","https:\/\/www.linkedin.com\/company\/neokdun\/about\/","https:\/\/www.youtube.com\/channel\/UCI2EOzcpGC3w1aWWxbR0MOQ","https:\/\/www.facebook.com\/Neokdun-107583101954896"],"logo":{"@type":"ImageObject","inLanguage":"es","@id":"https:\/\/neokdun.com\/#\/schema\/logo\/image\/","url":"https:\/\/neokdun.com\/wp-content\/uploads\/2022\/08\/logo-neokdun.png","contentUrl":"https:\/\/neokdun.com\/wp-content\/uploads\/2022\/08\/logo-neokdun.png","width":1000,"height":1000,"caption":"Neokdun"},"image":{"@id":"https:\/\/neokdun.com\/#\/schema\/logo\/image\/"}}]}},"_links":{"self":[{"href":"https:\/\/neokdun.com\/es\/wp-json\/wp\/v2\/pages\/90609"}],"collection":[{"href":"https:\/\/neokdun.com\/es\/wp-json\/wp\/v2\/pages"}],"about":[{"href":"https:\/\/neokdun.com\/es\/wp-json\/wp\/v2\/types\/page"}],"author":[{"embeddable":true,"href":"https:\/\/neokdun.com\/es\/wp-json\/wp\/v2\/users\/5"}],"replies":[{"embeddable":true,"href":"https:\/\/neokdun.com\/es\/wp-json\/wp\/v2\/comments?post=90609"}],"version-history":[{"count":2,"href":"https:\/\/neokdun.com\/es\/wp-json\/wp\/v2\/pages\/90609\/revisions"}],"predecessor-version":[{"id":90796,"href":"https:\/\/neokdun.com\/es\/wp-json\/wp\/v2\/pages\/90609\/revisions\/90796"}],"wp:attachment":[{"href":"https:\/\/neokdun.com\/es\/wp-json\/wp\/v2\/media?parent=90609"}],"curies":[{"name":"wp","href":"https:\/\/api.w.org\/{rel}","templated":true}]}}