{"id":90618,"date":"2021-05-28T08:52:15","date_gmt":"2021-05-28T08:52:15","guid":{"rendered":"https:\/\/neokdun.com\/de-la-naturaleza-a-la-naturaleza\/"},"modified":"2022-06-24T10:19:24","modified_gmt":"2022-06-24T10:19:24","slug":"de-la-naturaleza-a-la-naturaleza","status":"publish","type":"page","link":"https:\/\/neokdun.com\/es\/de-la-naturaleza-a-la-naturaleza\/","title":{"rendered":"De la naturaleza a la naturaleza"},"content":{"rendered":"<p>[vc_row unlock_row_content=\u00bbyes\u00bb row_height_percent=\u00bb0&#8243; override_padding=\u00bbyes\u00bb h_padding=\u00bb0&#8243; top_padding=\u00bb0&#8243; bottom_padding=\u00bb0&#8243; back_color=\u00bbcolor-137349&#8243; overlay_color=\u00bbcolor-jevc\u00bb overlay_alpha=\u00bb0&#8243; gutter_size=\u00bb3&#8243; column_width_percent=\u00bb100&#8243; shift_y=\u00bb0&#8243; z_index=\u00bb0&#8243; top_divider=\u00bbhills\u00bb bottom_divider=\u00bbtilt\u00bb css=\u00bb.vc_custom_1624622933229{margin-top: -20px !important;}\u00bb][vc_column column_width_percent=\u00bb100&#8243; gutter_size=\u00bb0&#8243; style=\u00bbdark\u00bb overlay_alpha=\u00bb50&#8243; shift_x=\u00bb0&#8243; shift_y=\u00bb0&#8243; shift_y_down=\u00bb0&#8243; z_index=\u00bb0&#8243; medium_width=\u00bb7&#8243; mobile_width=\u00bb0&#8243; css_animation=\u00bbalpha-anim\u00bb width=\u00bb1\/1&#8243;]\n\t\t\t<!-- START From nature to nature REVOLUTION SLIDER 6.5.5 --><p class=\"rs-p-wp-fix\"><\/p>\n\t\t\t<rs-module-wrap id=\"rev_slider_4_1_wrapper\" data-source=\"gallery\" style=\"visibility:hidden;background:transparent;padding:0;margin:0px auto;margin-top:0;margin-bottom:0;\">\n\t\t\t\t<rs-module id=\"rev_slider_4_1\" style=\"\" data-version=\"6.5.5\">\n\t\t\t\t\t<rs-slides>\n\t\t\t\t\t\t<rs-slide style=\"position: absolute;\" data-key=\"rs-4\" data-title=\"Inicio\" data-in=\"o:0;\" data-out=\"a:false;\">\n\t\t\t\t\t\t\t<img src=\"\/\/neokdun.com\/wp-content\/plugins\/revslider\/public\/assets\/assets\/dummy.png\" alt=\"Campo Ecologico\" width=\"1920\" height=\"1080\" class=\"rev-slidebg tp-rs-img rs-lazyload\" data-lazyload=\"\/\/clientes.procesyva.com\/neokdun\/wp-content\/uploads\/revslider\/video-media\/BUCLES-PORTUGAL_4.jpeg\" data-no-retina>\n\t\t\t\t\t\t\t<rs-bgvideo \n\t\t\t\t\t\t\t\tdata-video=\"w:100%;h:100%;nse:false;l:true;ptimer:false;vfc:true;\"\n\t\t\t\t\t\t\t\tdata-mp4=\"\/\/neokdun.com\/wp-content\/uploads\/2022\/05\/Neokdun%20Compressed%20Videos\/CompressPortugalLoop.mp4\"\n\t\t\t\t\t\t\t><\/rs-bgvideo>\n<!---->\t\t\t\t\t\t<\/rs-slide>\n\t\t\t\t\t<\/rs-slides>\n\t\t\t\t<\/rs-module>\n\t\t\t\t<script type=\"text\/javascript\">\n\t\t\t\t\tsetREVStartSize({c: 'rev_slider_4_1',rl:[1240,1024,778,480],el:[900],gw:[1240],gh:[900],type:'standard',justify:'',layout:'fullwidth',mh:\"0\"});if (window.RS_MODULES!==undefined && window.RS_MODULES.modules!==undefined && window.RS_MODULES.modules[\"revslider41\"]!==undefined) {window.RS_MODULES.modules[\"revslider41\"].once = false;window.revapi4 = undefined;window.RS_MODULES.checkMinimal()}\n\t\t\t\t<\/script>\n\t\t\t<\/rs-module-wrap>\n\t\t\t<!-- END REVOLUTION SLIDER -->\n[\/vc_column][\/vc_row][vc_row unlock_row_content=\u00bbyes\u00bb row_height_percent=\u00bb100&#8243; back_color=\u00bbcolor-137349&#8243; back_image=\u00bb88452&#8243; back_position=\u00bbright center\u00bb overlay_color=\u00bbcolor-jevc\u00bb overlay_alpha=\u00bb0&#8243; gutter_size=\u00bb3&#8243; column_width_percent=\u00bb100&#8243; shift_y=\u00bb0&#8243; z_index=\u00bb0&#8243; top_divider=\u00bbhills\u00bb bottom_divider=\u00bbtilt\u00bb desktop_visibility=\u00bbyes\u00bb medium_visibility=\u00bbyes\u00bb mobile_visibility=\u00bbyes\u00bb css=\u00bb.vc_custom_1624622915624{margin-top: -20px !important;}\u00bb][vc_column column_width_percent=\u00bb100&#8243; position_vertical=\u00bbbottom\u00bb gutter_size=\u00bb0&#8243; style=\u00bbdark\u00bb overlay_alpha=\u00bb50&#8243; shift_x=\u00bb0&#8243; shift_y=\u00bb0&#8243; shift_y_down=\u00bb0&#8243; z_index=\u00bb0&#8243; medium_width=\u00bb4&#8243; mobile_width=\u00bb0&#8243; css_animation=\u00bbalpha-anim\u00bb width=\u00bb1\/1&#8243; link_to=\u00bburl:https%3A%2F%2Fvimeo.com%2F564543317%2Fff0dee353f|title:NEOKDUM%20PORTUGAL|target:_blank\u00bb][vc_row_inner row_inner_height_percent=\u00bb99&#8243; overlay_alpha=\u00bb50&#8243; gutter_size=\u00bb0&#8243; shift_y=\u00bb0&#8243; z_index=\u00bb0&#8243; limit_content=\u00bb\u00bb][vc_column_inner column_width_percent=\u00bb100&#8243; position_vertical=\u00bbmiddle\u00bb align_horizontal=\u00bbalign_center\u00bb gutter_size=\u00bb2&#8243; style=\u00bbdark\u00bb overlay_alpha=\u00bb50&#8243; shift_x=\u00bb0&#8243; shift_y=\u00bb0&#8243; shift_y_down=\u00bb0&#8243; z_index=\u00bb0&#8243; desktop_visibility=\u00bbyes\u00bb medium_visibility=\u00bbyes\u00bb medium_width=\u00bb4&#8243; mobile_visibility=\u00bbyes\u00bb mobile_width=\u00bb0&#8243; width=\u00bb1\/1&#8243;][vc_custom_heading heading_semantic=\u00bbh1&#8243; text_font=\u00bbfont-762333&#8243; text_size=\u00bbfontsize-338686&#8243; text_weight=\u00bb300&#8243; text_space=\u00bbfontspace-111509&#8243; uncode_shortcode_id=\u00bb884813&#8243;]De la naturaleza a la naturaleza[\/vc_custom_heading][vc_empty_space empty_h=\u00bb3&#8243;][\/vc_column_inner][\/vc_row_inner][\/vc_column][\/vc_row][vc_row unlock_row_content=\u00bbyes\u00bb row_height_percent=\u00bb0&#8243; override_padding=\u00bbyes\u00bb h_padding=\u00bb2&#8243; top_padding=\u00bb5&#8243; bottom_padding=\u00bb0&#8243; back_color=\u00bbcolor-137349&#8243; overlay_alpha=\u00bb50&#8243; gutter_size=\u00bb2&#8243; column_width_percent=\u00bb100&#8243; shift_y=\u00bb0&#8243; z_index=\u00bb0&#8243;][vc_column column_width_percent=\u00bb100&#8243; gutter_size=\u00bb3&#8243; overlay_alpha=\u00bb50&#8243; shift_x=\u00bb0&#8243; shift_y=\u00bb0&#8243; shift_y_down=\u00bb0&#8243; z_index=\u00bb0&#8243; medium_width=\u00bb4&#8243; mobile_width=\u00bb0&#8243; width=\u00bb1\/2&#8243; uncode_shortcode_id=\u00bb128218&#8243;][vc_single_image media=\u00bb88435&#8243; media_width_percent=\u00bb100&#8243;][\/vc_column][vc_column column_width_percent=\u00bb100&#8243; gutter_size=\u00bb3&#8243; overlay_alpha=\u00bb50&#8243; shift_x=\u00bb0&#8243; shift_y=\u00bb0&#8243; shift_y_down=\u00bb0&#8243; z_index=\u00bb0&#8243; medium_width=\u00bb4&#8243; mobile_width=\u00bb0&#8243; width=\u00bb1\/2&#8243; uncode_shortcode_id=\u00bb592530&#8243;][vc_single_image media=\u00bb88436&#8243; media_width_percent=\u00bb100&#8243;][\/vc_column][\/vc_row][vc_row row_height_percent=\u00bb0&#8243; override_padding=\u00bbyes\u00bb h_padding=\u00bb2&#8243; top_padding=\u00bb0&#8243; bottom_padding=\u00bb2&#8243; back_color=\u00bbcolor-137349&#8243; overlay_alpha=\u00bb50&#8243; equal_height=\u00bbyes\u00bb gutter_size=\u00bb4&#8243; column_width_percent=\u00bb100&#8243; shift_y=\u00bb0&#8243; z_index=\u00bb0&#8243; el_class=\u00bbinverted-device-order\u00bb uncode_shortcode_id=\u00bb147590&#8243; back_color_type=\u00bbuncode-palette\u00bb][vc_column column_width_percent=\u00bb100&#8243; position_vertical=\u00bbmiddle\u00bb align_horizontal=\u00bbalign_center\u00bb gutter_size=\u00bb4&#8243; style=\u00bblight\u00bb overlay_alpha=\u00bb50&#8243; shift_x=\u00bb0&#8243; shift_y=\u00bb0&#8243; shift_y_down=\u00bb0&#8243; z_index=\u00bb0&#8243; medium_width=\u00bb0&#8243; mobile_width=\u00bb0&#8243; width=\u00bb1\/1&#8243;][vc_row_inner row_inner_height_percent=\u00bb0&#8243; overlay_alpha=\u00bb50&#8243; gutter_size=\u00bb3&#8243; shift_y=\u00bb0&#8243; z_index=\u00bb0&#8243; medium_visibility=\u00bbyes\u00bb mobile_visibility=\u00bbyes\u00bb uncode_shortcode_id=\u00bb195612&#8243; limit_content=\u00bb\u00bb][vc_column_inner width=\u00bb1\/1&#8243;][vc_empty_space empty_h=\u00bb3&#8243;][\/vc_column_inner][\/vc_row_inner][vc_row_inner limit_content=\u00bb\u00bb][vc_column_inner column_width_percent=\u00bb100&#8243; align_horizontal=\u00bbalign_center\u00bb gutter_size=\u00bb2&#8243; style=\u00bblight\u00bb overlay_alpha=\u00bb50&#8243; shift_x=\u00bb0&#8243; shift_y=\u00bb0&#8243; shift_y_down=\u00bb0&#8243; z_index=\u00bb0&#8243; medium_width=\u00bb0&#8243; mobile_width=\u00bb0&#8243; width=\u00bb1\/1&#8243;][vc_custom_heading heading_semantic=\u00bbh4&#8243; text_font=\u00bbfont-762333&#8243; text_size=\u00bbh4&#8243; text_weight=\u00bb300&#8243; mobile_visibility=\u00bbyes\u00bb el_class=\u00bbtitulo-video-home\u00bb uncode_shortcode_id=\u00bb206300&#8243;]NATURE MATTERS STORIES[\/vc_custom_heading][vc_custom_heading heading_semantic=\u00bbh4&#8243; text_font=\u00bbfont-762333&#8243; text_size=\u00bbfontsize-305237&#8243; text_weight=\u00bb300&#8243; desktop_visibility=\u00bbyes\u00bb medium_visibility=\u00bbyes\u00bb el_class=\u00bbtitulo-video-home\u00bb uncode_shortcode_id=\u00bb846104&#8243;]NATURE MATTERS STORIES[\/vc_custom_heading][vc_custom_heading heading_semantic=\u00bbh1&#8243; text_font=\u00bbfont-762333&#8243; text_size=\u00bbfontsize-445851&#8243; text_weight=\u00bb200&#8243; text_height=\u00bbfontheight-179065&#8243;]De la naturaleza<br \/>\na la naturaleza[\/vc_custom_heading][\/vc_column_inner][\/vc_row_inner][vc_row_inner row_inner_height_percent=\u00bb0&#8243; overlay_alpha=\u00bb50&#8243; gutter_size=\u00bb3&#8243; shift_y=\u00bb0&#8243; z_index=\u00bb0&#8243; mobile_visibility=\u00bbyes\u00bb limit_content=\u00bb\u00bb uncode_shortcode_id=\u00bb135626&#8243;][vc_column_inner column_width_percent=\u00bb100&#8243; align_horizontal=\u00bbalign_center\u00bb gutter_size=\u00bb3&#8243; style=\u00bblight\u00bb overlay_alpha=\u00bb50&#8243; shift_x=\u00bb0&#8243; shift_y=\u00bb0&#8243; shift_y_down=\u00bb0&#8243; z_index=\u00bb0&#8243; medium_width=\u00bb0&#8243; mobile_width=\u00bb0&#8243; width=\u00bb1\/1&#8243;][vc_custom_heading heading_semantic=\u00bbp\u00bb text_font=\u00bbfont-762333&#8243; text_size=\u00bbfontsize-206339&#8243; text_weight=\u00bb300&#8243; text_uppercase=\u00bb\u00bb uncode_shortcode_id=\u00bb139917&#8243;]Ten\u00edan un trabajo y una vida estable en Los Angeles. Pero tenerlo todo no implica sentirse completo. Eugenia y Pepe sent\u00edan que ten\u00edan una deuda con el planeta. Cre\u00edan en ello tan profundamente que idearon su propia manera de devolver a la naturaleza lo que ella les hab\u00eda dado. Paso a paso y con sus propias manos, han construido una casa completamente sostenible. Su prop\u00f3sito es mostrar que se puede llevar una forma de vida respetuosa con el medio ambiente basada en la reutilizaci\u00f3n.[\/vc_custom_heading][vc_custom_heading heading_semantic=\u00bbh3&#8243; text_font=\u00bbfont-762333&#8243; text_size=\u00bbfontsize-555560&#8243; text_weight=\u00bb400&#8243; medium_visibility=\u00bbyes\u00bb text_uppercase=\u00bb\u00bb uncode_shortcode_id=\u00bb118972&#8243;]Su ejemplo demuestra que es posible vivir en completa<br \/>\narmon\u00eda con la naturaleza.[\/vc_custom_heading][vc_custom_heading heading_semantic=\u00bbh3&#8243; text_font=\u00bbfont-762333&#8243; text_size=\u00bbfontsize-555560&#8243; text_weight=\u00bb400&#8243; desktop_visibility=\u00bbyes\u00bb mobile_visibility=\u00bbyes\u00bb text_uppercase=\u00bb\u00bb uncode_shortcode_id=\u00bb881674&#8243;]Su ejemplo demuestra que es posible<br \/>\nvivir en completa armon\u00eda con la naturaleza.[\/vc_custom_heading][\/vc_column_inner][\/vc_row_inner][vc_row_inner row_inner_height_percent=\u00bb0&#8243; overlay_alpha=\u00bb50&#8243; gutter_size=\u00bb3&#8243; shift_y=\u00bb0&#8243; z_index=\u00bb0&#8243; desktop_visibility=\u00bbyes\u00bb medium_visibility=\u00bbyes\u00bb limit_content=\u00bb\u00bb uncode_shortcode_id=\u00bb206402&#8243;][vc_column_inner column_width_percent=\u00bb100&#8243; align_horizontal=\u00bbalign_center\u00bb gutter_size=\u00bb3&#8243; style=\u00bblight\u00bb overlay_alpha=\u00bb50&#8243; shift_x=\u00bb0&#8243; shift_y=\u00bb0&#8243; shift_y_down=\u00bb0&#8243; z_index=\u00bb0&#8243; medium_width=\u00bb0&#8243; mobile_width=\u00bb0&#8243; width=\u00bb1\/1&#8243; uncode_shortcode_id=\u00bb324412&#8243;][vc_custom_heading heading_semantic=\u00bbp\u00bb text_font=\u00bbfont-762333&#8243; text_size=\u00bbfontsize-305237&#8243; text_weight=\u00bb300&#8243; text_uppercase=\u00bb\u00bb uncode_shortcode_id=\u00bb199778&#8243; el_class=\u00bbjustify-content\u00bb]Ten\u00edan un trabajo y una vida estable en Los Angeles. Pero tenerlo todo no implica sentirse completo. Eugenia y Pepe sent\u00edan que ten\u00edan una deuda con el planeta. Cre\u00edan en ello tan profundamente que idearon su propia manera de devolver a la naturaleza lo que ella les hab\u00eda dado. Paso a paso y con sus propias manos, han construido una casa completamente sostenible. Su prop\u00f3sito es mostrar que se puede llevar una forma de vida respetuosa con el medio ambiente basada en la reutilizaci\u00f3n.[\/vc_custom_heading][vc_custom_heading heading_semantic=\u00bbh3&#8243; text_font=\u00bbfont-762333&#8243; text_size=\u00bbfontsize-661852&#8243; text_weight=\u00bb400&#8243; desktop_visibility=\u00bbyes\u00bb medium_visibility=\u00bbyes\u00bb text_uppercase=\u00bb\u00bb uncode_shortcode_id=\u00bb929790&#8243;]Su ejemplo demuestra que<br \/>\nes posible vivir en<br \/>\ncompleta armon\u00eda<br \/>\ncon la naturaleza.[\/vc_custom_heading][\/vc_column_inner][\/vc_row_inner][vc_single_image media=\u00bb88469&#8243; media_width_use_pixel=\u00bbyes\u00bb alignment=\u00bbcenter\u00bb media_width_pixel=\u00bb100&#8243;][vc_row_inner row_inner_height_percent=\u00bb0&#8243; overlay_alpha=\u00bb50&#8243; gutter_size=\u00bb3&#8243; shift_y=\u00bb0&#8243; z_index=\u00bb0&#8243; mobile_visibility=\u00bbyes\u00bb limit_content=\u00bb\u00bb uncode_shortcode_id=\u00bb248077&#8243;][vc_column_inner column_width_percent=\u00bb100&#8243; align_horizontal=\u00bbalign_center\u00bb gutter_size=\u00bb3&#8243; style=\u00bblight\u00bb overlay_alpha=\u00bb50&#8243; shift_x=\u00bb0&#8243; shift_y=\u00bb0&#8243; shift_y_down=\u00bb0&#8243; z_index=\u00bb0&#8243; medium_width=\u00bb0&#8243; mobile_width=\u00bb0&#8243; width=\u00bb1\/1&#8243;][vc_custom_heading heading_semantic=\u00bbp\u00bb text_font=\u00bbfont-762333&#8243; text_size=\u00bbfontsize-206339&#8243; text_weight=\u00bb300&#8243; text_uppercase=\u00bb\u00bb uncode_shortcode_id=\u00bb504164&#8243;]Estamos firmemente comprometidos con ser una empresa responsable y sostenible. En <strong>Neokdun\u00ae<\/strong>trabajamos con productos respetuosos con el medio ambiente porque son biodegradables. Le damos un nuevo uso a este recurso natural y al final de todo el proceso le devolvemos a la naturaleza lo que la naturaleza nos da.[\/vc_custom_heading][vc_custom_heading heading_semantic=\u00bbh3&#8243; text_font=\u00bbfont-762333&#8243; text_size=\u00bbfontsize-555560&#8243; text_weight=\u00bb400&#8243; text_uppercase=\u00bb\u00bb uncode_shortcode_id=\u00bb167700&#8243;]De la naturaleza a la naturaleza[\/vc_custom_heading][\/vc_column_inner][\/vc_row_inner][vc_row_inner row_inner_height_percent=\u00bb0&#8243; overlay_alpha=\u00bb50&#8243; gutter_size=\u00bb3&#8243; shift_y=\u00bb0&#8243; z_index=\u00bb0&#8243; desktop_visibility=\u00bbyes\u00bb medium_visibility=\u00bbyes\u00bb limit_content=\u00bb\u00bb uncode_shortcode_id=\u00bb199282&#8243;][vc_column_inner column_width_percent=\u00bb100&#8243; align_horizontal=\u00bbalign_center\u00bb gutter_size=\u00bb3&#8243; style=\u00bblight\u00bb overlay_alpha=\u00bb50&#8243; shift_x=\u00bb0&#8243; shift_y=\u00bb0&#8243; shift_y_down=\u00bb0&#8243; z_index=\u00bb0&#8243; medium_width=\u00bb0&#8243; mobile_width=\u00bb0&#8243; width=\u00bb1\/1&#8243; uncode_shortcode_id=\u00bb296992&#8243;][vc_custom_heading heading_semantic=\u00bbp\u00bb text_font=\u00bbfont-762333&#8243; text_size=\u00bbfontsize-305237&#8243; text_weight=\u00bb300&#8243; text_uppercase=\u00bb\u00bb uncode_shortcode_id=\u00bb137089&#8243; el_class=\u00bbjustify-content\u00bb]Estamos firmemente comprometidos con ser una empresa responsable y sostenible. En <strong>Neokdun\u00ae<\/strong>trabajamos con productos respetuosos con el medio ambiente porque son biodegradables. Le damos un nuevo uso a este recurso natural y al final de todo el proceso le devolvemos a la naturaleza lo que la naturaleza nos da.[\/vc_custom_heading][\/vc_column_inner][\/vc_row_inner][\/vc_column][\/vc_row][vc_row unlock_row_content=\u00bbyes\u00bb row_height_percent=\u00bb0&#8243; back_color=\u00bbcolor-137349&#8243; overlay_alpha=\u00bb50&#8243; gutter_size=\u00bb3&#8243; column_width_percent=\u00bb100&#8243; shift_y=\u00bb0&#8243; z_index=\u00bb0&#8243; uncode_shortcode_id=\u00bb923915&#8243; back_color_type=\u00bbuncode-palette\u00bb][vc_column column_width_percent=\u00bb90&#8243; align_horizontal=\u00bbalign_center\u00bb gutter_size=\u00bb5&#8243; overlay_alpha=\u00bb50&#8243; shift_x=\u00bb0&#8243; shift_y=\u00bb0&#8243; shift_y_down=\u00bb0&#8243; z_index=\u00bb0&#8243; medium_width=\u00bb0&#8243; mobile_width=\u00bb0&#8243; width=\u00bb1\/1&#8243; uncode_shortcode_id=\u00bb438255&#8243; css=\u00bb.vc_custom_1653493522389{padding-top: 36px !important;padding-right: 36px !important;padding-bottom: 36px !important;padding-left: 36px !important;}\u00bb][vc_custom_heading heading_semantic=\u00bbh1&#8243; text_font=\u00bbfont-762333&#8243; text_size=\u00bbfontsize-338686&#8243; text_weight=\u00bb200&#8243; separator=\u00bbyes\u00bb desktop_visibility=\u00bbyes\u00bb medium_visibility=\u00bbyes\u00bb uncode_shortcode_id=\u00bb295591&#8243;]De la naturaleza<br \/>\na la naturaleza[\/vc_custom_heading][vc_single_image media=\u00bb90801&#8243; media_width_percent=\u00bb100&#8243; alignment=\u00bbcenter\u00bb uncode_shortcode_id=\u00bb260748&#8243;][\/vc_column][\/vc_row]<\/p>\n","protected":false},"excerpt":{"rendered":"<p>[vc_row unlock_row_content=\u00bbyes\u00bb row_height_percent=\u00bb0&#8243; override_padding=\u00bbyes\u00bb h_padding=\u00bb0&#8243; top_padding=\u00bb0&#8243; bottom_padding=\u00bb0&#8243; back_color=\u00bbcolor-137349&#8243; overlay_color=\u00bbcolor-jevc\u00bb overlay_alpha=\u00bb0&#8243; gutter_size=\u00bb3&#8243; column_width_percent=\u00bb100&#8243; shift_y=\u00bb0&#8243; z_index=\u00bb0&#8243; top_divider=\u00bbhills\u00bb bottom_divider=\u00bbtilt\u00bb css=\u00bb.vc_custom_1624622933229{margin-top: -20px !important;}\u00bb][vc_column column_width_percent=\u00bb100&#8243; [&hellip;]<\/p>\n","protected":false},"author":5,"featured_media":0,"parent":0,"menu_order":0,"comment_status":"closed","ping_status":"closed","template":"","meta":[],"yoast_head":"<!-- This site is optimized with the Yoast SEO plugin v19.6 - https:\/\/yoast.com\/wordpress\/plugins\/seo\/ -->\n<title>De la naturaleza a la naturaleza - Neokdun<\/title>\n<meta name=\"robots\" content=\"index, follow, max-snippet:-1, max-image-preview:large, max-video-preview:-1\" \/>\n<link rel=\"canonical\" href=\"https:\/\/neokdun.com\/es\/de-la-naturaleza-a-la-naturaleza\/\" \/>\n<meta property=\"og:locale\" content=\"es_ES\" \/>\n<meta property=\"og:type\" content=\"article\" \/>\n<meta property=\"og:title\" content=\"De la naturaleza a la naturaleza - Neokdun\" \/>\n<meta property=\"og:description\" content=\"[vc_row unlock_row_content=\u00bbyes\u00bb row_height_percent=\u00bb0&#8243; override_padding=\u00bbyes\u00bb h_padding=\u00bb0&#8243; top_padding=\u00bb0&#8243; bottom_padding=\u00bb0&#8243; back_color=\u00bbcolor-137349&#8243; overlay_color=\u00bbcolor-jevc\u00bb overlay_alpha=\u00bb0&#8243; gutter_size=\u00bb3&#8243; column_width_percent=\u00bb100&#8243; shift_y=\u00bb0&#8243; z_index=\u00bb0&#8243; top_divider=\u00bbhills\u00bb bottom_divider=\u00bbtilt\u00bb css=\u00bb.vc_custom_1624622933229{margin-top: -20px !important;}\u00bb][vc_column column_width_percent=\u00bb100&#8243; [&hellip;]\" \/>\n<meta property=\"og:url\" content=\"https:\/\/neokdun.com\/es\/de-la-naturaleza-a-la-naturaleza\/\" \/>\n<meta property=\"og:site_name\" content=\"Neokdun\" \/>\n<meta property=\"article:publisher\" content=\"https:\/\/www.facebook.com\/Neokdun-107583101954896\" \/>\n<meta property=\"article:modified_time\" content=\"2022-06-24T10:19:24+00:00\" \/>\n<meta name=\"twitter:card\" content=\"summary_large_image\" \/>\n<meta name=\"twitter:label1\" content=\"Tiempo de lectura\" \/>\n\t<meta name=\"twitter:data1\" content=\"8 minutos\" \/>\n<script type=\"application\/ld+json\" class=\"yoast-schema-graph\">{\"@context\":\"https:\/\/schema.org\",\"@graph\":[{\"@type\":\"WebPage\",\"@id\":\"https:\/\/neokdun.com\/es\/de-la-naturaleza-a-la-naturaleza\/\",\"url\":\"https:\/\/neokdun.com\/es\/de-la-naturaleza-a-la-naturaleza\/\",\"name\":\"De la naturaleza a la naturaleza - Neokdun\",\"isPartOf\":{\"@id\":\"https:\/\/neokdun.com\/#website\"},\"datePublished\":\"2021-05-28T08:52:15+00:00\",\"dateModified\":\"2022-06-24T10:19:24+00:00\",\"breadcrumb\":{\"@id\":\"https:\/\/neokdun.com\/es\/de-la-naturaleza-a-la-naturaleza\/#breadcrumb\"},\"inLanguage\":\"es\",\"potentialAction\":[{\"@type\":\"ReadAction\",\"target\":[\"https:\/\/neokdun.com\/es\/de-la-naturaleza-a-la-naturaleza\/\"]}]},{\"@type\":\"BreadcrumbList\",\"@id\":\"https:\/\/neokdun.com\/es\/de-la-naturaleza-a-la-naturaleza\/#breadcrumb\",\"itemListElement\":[{\"@type\":\"ListItem\",\"position\":1,\"name\":\"Home\",\"item\":\"https:\/\/neokdun.com\/es\/\"},{\"@type\":\"ListItem\",\"position\":2,\"name\":\"De la naturaleza a la naturaleza\"}]},{\"@type\":\"WebSite\",\"@id\":\"https:\/\/neokdun.com\/#website\",\"url\":\"https:\/\/neokdun.com\/\",\"name\":\"Neokdun\",\"description\":\"Neokdun Nature Matters\",\"publisher\":{\"@id\":\"https:\/\/neokdun.com\/#organization\"},\"potentialAction\":[{\"@type\":\"SearchAction\",\"target\":{\"@type\":\"EntryPoint\",\"urlTemplate\":\"https:\/\/neokdun.com\/?s={search_term_string}\"},\"query-input\":\"required name=search_term_string\"}],\"inLanguage\":\"es\"},{\"@type\":\"Organization\",\"@id\":\"https:\/\/neokdun.com\/#organization\",\"name\":\"Neokdun\",\"url\":\"https:\/\/neokdun.com\/\",\"sameAs\":[\"https:\/\/www.instagram.com\/neokdun\/\",\"https:\/\/www.linkedin.com\/company\/neokdun\/about\/\",\"https:\/\/www.youtube.com\/channel\/UCI2EOzcpGC3w1aWWxbR0MOQ\",\"https:\/\/www.facebook.com\/Neokdun-107583101954896\"],\"logo\":{\"@type\":\"ImageObject\",\"inLanguage\":\"es\",\"@id\":\"https:\/\/neokdun.com\/#\/schema\/logo\/image\/\",\"url\":\"https:\/\/neokdun.com\/wp-content\/uploads\/2022\/08\/logo-neokdun.png\",\"contentUrl\":\"https:\/\/neokdun.com\/wp-content\/uploads\/2022\/08\/logo-neokdun.png\",\"width\":1000,\"height\":1000,\"caption\":\"Neokdun\"},\"image\":{\"@id\":\"https:\/\/neokdun.com\/#\/schema\/logo\/image\/\"}}]}<\/script>\n<!-- \/ Yoast SEO plugin. -->","yoast_head_json":{"title":"De la naturaleza a la naturaleza - Neokdun","robots":{"index":"index","follow":"follow","max-snippet":"max-snippet:-1","max-image-preview":"max-image-preview:large","max-video-preview":"max-video-preview:-1"},"canonical":"https:\/\/neokdun.com\/es\/de-la-naturaleza-a-la-naturaleza\/","og_locale":"es_ES","og_type":"article","og_title":"De la naturaleza a la naturaleza - Neokdun","og_description":"[vc_row unlock_row_content=\u00bbyes\u00bb row_height_percent=\u00bb0&#8243; override_padding=\u00bbyes\u00bb h_padding=\u00bb0&#8243; top_padding=\u00bb0&#8243; bottom_padding=\u00bb0&#8243; back_color=\u00bbcolor-137349&#8243; overlay_color=\u00bbcolor-jevc\u00bb overlay_alpha=\u00bb0&#8243; gutter_size=\u00bb3&#8243; column_width_percent=\u00bb100&#8243; shift_y=\u00bb0&#8243; z_index=\u00bb0&#8243; top_divider=\u00bbhills\u00bb bottom_divider=\u00bbtilt\u00bb css=\u00bb.vc_custom_1624622933229{margin-top: -20px !important;}\u00bb][vc_column column_width_percent=\u00bb100&#8243; [&hellip;]","og_url":"https:\/\/neokdun.com\/es\/de-la-naturaleza-a-la-naturaleza\/","og_site_name":"Neokdun","article_publisher":"https:\/\/www.facebook.com\/Neokdun-107583101954896","article_modified_time":"2022-06-24T10:19:24+00:00","twitter_card":"summary_large_image","twitter_misc":{"Tiempo de lectura":"8 minutos"},"schema":{"@context":"https:\/\/schema.org","@graph":[{"@type":"WebPage","@id":"https:\/\/neokdun.com\/es\/de-la-naturaleza-a-la-naturaleza\/","url":"https:\/\/neokdun.com\/es\/de-la-naturaleza-a-la-naturaleza\/","name":"De la naturaleza a la naturaleza - Neokdun","isPartOf":{"@id":"https:\/\/neokdun.com\/#website"},"datePublished":"2021-05-28T08:52:15+00:00","dateModified":"2022-06-24T10:19:24+00:00","breadcrumb":{"@id":"https:\/\/neokdun.com\/es\/de-la-naturaleza-a-la-naturaleza\/#breadcrumb"},"inLanguage":"es","potentialAction":[{"@type":"ReadAction","target":["https:\/\/neokdun.com\/es\/de-la-naturaleza-a-la-naturaleza\/"]}]},{"@type":"BreadcrumbList","@id":"https:\/\/neokdun.com\/es\/de-la-naturaleza-a-la-naturaleza\/#breadcrumb","itemListElement":[{"@type":"ListItem","position":1,"name":"Home","item":"https:\/\/neokdun.com\/es\/"},{"@type":"ListItem","position":2,"name":"De la naturaleza a la naturaleza"}]},{"@type":"WebSite","@id":"https:\/\/neokdun.com\/#website","url":"https:\/\/neokdun.com\/","name":"Neokdun","description":"Neokdun Nature Matters","publisher":{"@id":"https:\/\/neokdun.com\/#organization"},"potentialAction":[{"@type":"SearchAction","target":{"@type":"EntryPoint","urlTemplate":"https:\/\/neokdun.com\/?s={search_term_string}"},"query-input":"required name=search_term_string"}],"inLanguage":"es"},{"@type":"Organization","@id":"https:\/\/neokdun.com\/#organization","name":"Neokdun","url":"https:\/\/neokdun.com\/","sameAs":["https:\/\/www.instagram.com\/neokdun\/","https:\/\/www.linkedin.com\/company\/neokdun\/about\/","https:\/\/www.youtube.com\/channel\/UCI2EOzcpGC3w1aWWxbR0MOQ","https:\/\/www.facebook.com\/Neokdun-107583101954896"],"logo":{"@type":"ImageObject","inLanguage":"es","@id":"https:\/\/neokdun.com\/#\/schema\/logo\/image\/","url":"https:\/\/neokdun.com\/wp-content\/uploads\/2022\/08\/logo-neokdun.png","contentUrl":"https:\/\/neokdun.com\/wp-content\/uploads\/2022\/08\/logo-neokdun.png","width":1000,"height":1000,"caption":"Neokdun"},"image":{"@id":"https:\/\/neokdun.com\/#\/schema\/logo\/image\/"}}]}},"_links":{"self":[{"href":"https:\/\/neokdun.com\/es\/wp-json\/wp\/v2\/pages\/90618"}],"collection":[{"href":"https:\/\/neokdun.com\/es\/wp-json\/wp\/v2\/pages"}],"about":[{"href":"https:\/\/neokdun.com\/es\/wp-json\/wp\/v2\/types\/page"}],"author":[{"embeddable":true,"href":"https:\/\/neokdun.com\/es\/wp-json\/wp\/v2\/users\/5"}],"replies":[{"embeddable":true,"href":"https:\/\/neokdun.com\/es\/wp-json\/wp\/v2\/comments?post=90618"}],"version-history":[{"count":3,"href":"https:\/\/neokdun.com\/es\/wp-json\/wp\/v2\/pages\/90618\/revisions"}],"predecessor-version":[{"id":90803,"href":"https:\/\/neokdun.com\/es\/wp-json\/wp\/v2\/pages\/90618\/revisions\/90803"}],"wp:attachment":[{"href":"https:\/\/neokdun.com\/es\/wp-json\/wp\/v2\/media?parent=90618"}],"curies":[{"name":"wp","href":"https:\/\/api.w.org\/{rel}","templated":true}]}}