{"id":90621,"date":"2021-06-01T10:46:52","date_gmt":"2021-06-01T10:46:52","guid":{"rendered":"https:\/\/neokdun.com\/calor-natural\/"},"modified":"2022-06-24T09:49:58","modified_gmt":"2022-06-24T09:49:58","slug":"calor-natural","status":"publish","type":"page","link":"https:\/\/neokdun.com\/es\/calor-natural\/","title":{"rendered":"Calor Natural"},"content":{"rendered":"<p>[vc_row unlock_row_content=\u00bbyes\u00bb row_height_percent=\u00bb0&#8243; override_padding=\u00bbyes\u00bb h_padding=\u00bb0&#8243; top_padding=\u00bb0&#8243; bottom_padding=\u00bb0&#8243; back_color=\u00bbcolor-774950&#8243; overlay_color=\u00bbcolor-jevc\u00bb overlay_alpha=\u00bb0&#8243; gutter_size=\u00bb3&#8243; column_width_percent=\u00bb100&#8243; shift_y=\u00bb0&#8243; z_index=\u00bb0&#8243; top_divider=\u00bbhills\u00bb bottom_divider=\u00bbtilt\u00bb css=\u00bb.vc_custom_1652946891833{margin-top: -20px !important;}\u00bb uncode_shortcode_id=\u00bb108427&#8243; back_color_type=\u00bbuncode-palette\u00bb overlay_color_type=\u00bbuncode-palette\u00bb][vc_column column_width_percent=\u00bb100&#8243; gutter_size=\u00bb0&#8243; style=\u00bbdark\u00bb overlay_alpha=\u00bb50&#8243; shift_x=\u00bb0&#8243; shift_y=\u00bb0&#8243; shift_y_down=\u00bb0&#8243; z_index=\u00bb0&#8243; medium_width=\u00bb7&#8243; mobile_width=\u00bb0&#8243; css_animation=\u00bbalpha-anim\u00bb width=\u00bb1\/1&#8243;]\n\t\t\t<!-- START NatureMatters REVOLUTION SLIDER 6.5.5 --><p class=\"rs-p-wp-fix\"><\/p>\n\t\t\t<rs-module-wrap id=\"rev_slider_3_1_wrapper\" data-source=\"gallery\" style=\"visibility:hidden;background:transparent;padding:0;margin:0px auto;margin-top:0;margin-bottom:0;\">\n\t\t\t\t<rs-module id=\"rev_slider_3_1\" style=\"\" data-version=\"6.5.5\">\n\t\t\t\t\t<rs-slides>\n\t\t\t\t\t\t<rs-slide style=\"position: absolute;\" data-key=\"rs-3\" data-title=\"Inicio\" data-in=\"o:0;\" data-out=\"a:false;\">\n\t\t\t\t\t\t\t<img src=\"\/\/neokdun.com\/wp-content\/plugins\/revslider\/public\/assets\/assets\/dummy.png\" title=\"BUCLE-LA-PALMA-NEOKDUN_3.jpeg\" width=\"1920\" height=\"1080\" class=\"rev-slidebg tp-rs-img rs-lazyload\" data-lazyload=\"\/\/clientes.procesyva.com\/neokdun\/wp-content\/uploads\/revslider\/video-media\/BUCLE-LA-PALMA-NEOKDUN_3.jpeg\" data-no-retina>\n\t\t\t\t\t\t\t<rs-bgvideo \n\t\t\t\t\t\t\t\tdata-video=\"w:100%;h:100%;nse:false;l:true;ptimer:false;vfc:true;\"\n\t\t\t\t\t\t\t\tdata-mp4=\"\/\/neokdun.com\/wp-content\/uploads\/2022\/05\/Neokdun%20Compressed%20Videos\/CompressLaPalmaLoop.mp4\"\n\t\t\t\t\t\t\t><\/rs-bgvideo>\n<!---->\t\t\t\t\t\t<\/rs-slide>\n\t\t\t\t\t<\/rs-slides>\n\t\t\t\t<\/rs-module>\n\t\t\t\t<script type=\"text\/javascript\">\n\t\t\t\t\tsetREVStartSize({c: 'rev_slider_3_1',rl:[1240,1024,778,480],el:[900],gw:[1240],gh:[900],type:'standard',justify:'',layout:'fullwidth',mh:\"0\"});if (window.RS_MODULES!==undefined && window.RS_MODULES.modules!==undefined && window.RS_MODULES.modules[\"revslider31\"]!==undefined) {window.RS_MODULES.modules[\"revslider31\"].once = false;window.revapi3 = undefined;window.RS_MODULES.checkMinimal()}\n\t\t\t\t<\/script>\n\t\t\t<\/rs-module-wrap>\n\t\t\t<!-- END REVOLUTION SLIDER -->\n[\/vc_column][\/vc_row][vc_row unlock_row_content=\u00bbyes\u00bb row_height_percent=\u00bb0&#8243; override_padding=\u00bbyes\u00bb h_padding=\u00bb2&#8243; top_padding=\u00bb5&#8243; bottom_padding=\u00bb0&#8243; back_color=\u00bbcolor-774950&#8243; overlay_alpha=\u00bb50&#8243; gutter_size=\u00bb2&#8243; column_width_percent=\u00bb100&#8243; shift_y=\u00bb0&#8243; z_index=\u00bb0&#8243;][vc_column column_width_percent=\u00bb100&#8243; gutter_size=\u00bb3&#8243; overlay_alpha=\u00bb50&#8243; shift_x=\u00bb0&#8243; shift_y=\u00bb0&#8243; shift_y_down=\u00bb0&#8243; z_index=\u00bb0&#8243; medium_width=\u00bb4&#8243; mobile_width=\u00bb0&#8243; width=\u00bb1\/2&#8243; uncode_shortcode_id=\u00bb174131&#8243;][vc_single_image media=\u00bb88444&#8243; media_width_percent=\u00bb100&#8243;][\/vc_column][vc_column column_width_percent=\u00bb100&#8243; gutter_size=\u00bb3&#8243; overlay_alpha=\u00bb50&#8243; shift_x=\u00bb0&#8243; shift_y=\u00bb0&#8243; shift_y_down=\u00bb0&#8243; z_index=\u00bb0&#8243; medium_width=\u00bb4&#8243; mobile_width=\u00bb0&#8243; width=\u00bb1\/2&#8243; uncode_shortcode_id=\u00bb728758&#8243;][vc_single_image media=\u00bb88445&#8243; media_width_percent=\u00bb100&#8243;][\/vc_column][\/vc_row][vc_row row_height_percent=\u00bb0&#8243; override_padding=\u00bbyes\u00bb h_padding=\u00bb2&#8243; top_padding=\u00bb0&#8243; bottom_padding=\u00bb2&#8243; back_color=\u00bbcolor-774950&#8243; overlay_alpha=\u00bb50&#8243; equal_height=\u00bbyes\u00bb gutter_size=\u00bb4&#8243; column_width_percent=\u00bb100&#8243; shift_y=\u00bb0&#8243; z_index=\u00bb0&#8243; el_class=\u00bbinverted-device-order\u00bb uncode_shortcode_id=\u00bb179353&#8243; back_color_type=\u00bbuncode-palette\u00bb][vc_column column_width_percent=\u00bb100&#8243; position_vertical=\u00bbmiddle\u00bb align_horizontal=\u00bbalign_center\u00bb gutter_size=\u00bb4&#8243; style=\u00bblight\u00bb overlay_alpha=\u00bb50&#8243; shift_x=\u00bb0&#8243; shift_y=\u00bb0&#8243; shift_y_down=\u00bb0&#8243; z_index=\u00bb0&#8243; medium_width=\u00bb0&#8243; mobile_width=\u00bb0&#8243; width=\u00bb1\/1&#8243;][vc_row_inner row_inner_height_percent=\u00bb0&#8243; overlay_alpha=\u00bb50&#8243; gutter_size=\u00bb3&#8243; shift_y=\u00bb0&#8243; z_index=\u00bb0&#8243; medium_visibility=\u00bbyes\u00bb mobile_visibility=\u00bbyes\u00bb uncode_shortcode_id=\u00bb199207&#8243; limit_content=\u00bb\u00bb][vc_column_inner width=\u00bb1\/1&#8243;][vc_empty_space empty_h=\u00bb3&#8243;][\/vc_column_inner][\/vc_row_inner][vc_row_inner limit_content=\u00bb\u00bb][vc_column_inner column_width_percent=\u00bb100&#8243; align_horizontal=\u00bbalign_center\u00bb gutter_size=\u00bb2&#8243; style=\u00bblight\u00bb overlay_alpha=\u00bb50&#8243; shift_x=\u00bb0&#8243; shift_y=\u00bb0&#8243; shift_y_down=\u00bb0&#8243; z_index=\u00bb0&#8243; medium_width=\u00bb0&#8243; mobile_width=\u00bb0&#8243; width=\u00bb1\/1&#8243;][vc_custom_heading heading_semantic=\u00bbh4&#8243; text_font=\u00bbfont-762333&#8243; text_size=\u00bbh4&#8243; text_weight=\u00bb300&#8243; mobile_visibility=\u00bbyes\u00bb el_class=\u00bbtitulo-video-home\u00bb uncode_shortcode_id=\u00bb141497&#8243;]NATURE MATTERS STORIES[\/vc_custom_heading][vc_custom_heading heading_semantic=\u00bbh4&#8243; text_font=\u00bbfont-762333&#8243; text_size=\u00bbfontsize-305237&#8243; text_weight=\u00bb300&#8243; desktop_visibility=\u00bbyes\u00bb medium_visibility=\u00bbyes\u00bb el_class=\u00bbtitulo-video-home\u00bb uncode_shortcode_id=\u00bb846104&#8243;]NATURE MATTERS STORIES[\/vc_custom_heading][vc_custom_heading heading_semantic=\u00bbh1&#8243; text_font=\u00bbfont-762333&#8243; text_size=\u00bbfontsize-445851&#8243; text_weight=\u00bb200&#8243; text_height=\u00bbfontheight-179065&#8243;]Calor Natural[\/vc_custom_heading][\/vc_column_inner][\/vc_row_inner][vc_row_inner row_inner_height_percent=\u00bb0&#8243; overlay_alpha=\u00bb50&#8243; gutter_size=\u00bb3&#8243; shift_y=\u00bb0&#8243; z_index=\u00bb0&#8243; mobile_visibility=\u00bbyes\u00bb limit_content=\u00bb\u00bb uncode_shortcode_id=\u00bb129912&#8243;][vc_column_inner column_width_percent=\u00bb100&#8243; align_horizontal=\u00bbalign_center\u00bb gutter_size=\u00bb3&#8243; style=\u00bblight\u00bb overlay_alpha=\u00bb50&#8243; shift_x=\u00bb0&#8243; shift_y=\u00bb0&#8243; shift_y_down=\u00bb0&#8243; z_index=\u00bb0&#8243; medium_width=\u00bb0&#8243; mobile_width=\u00bb0&#8243; width=\u00bb1\/1&#8243;][vc_custom_heading heading_semantic=\u00bbp\u00bb text_font=\u00bbfont-762333&#8243; text_size=\u00bbfontsize-206339&#8243; text_weight=\u00bb300&#8243; text_uppercase=\u00bb\u00bb uncode_shortcode_id=\u00bb123998&#8243;]En el pueblo de Nieves, en la isla de La Palma, el cielo se ilumina cada noche a trav\u00e9s de infinitos puntos de luz. De ni\u00f1a, ella so\u00f1aba con los lejanos planetas y galaxias. A\u00f1os despu\u00e9s, se convirti\u00f3 en astrof\u00edsica y comprendi\u00f3 el privilegio de vivir en La Palma, donde incluso hay una ley de protecci\u00f3n contra la contaminaci\u00f3n lum\u00ednica. Es por lo que el Gran Telescopio Canarias, uno de los m\u00e1s avanzados del mundo, fue construido aqu\u00ed. El trabajo de Nieves consiste en observar las estrellas y tiene una favorita: el Sol. Es fascinante. Desde una enorme distancia nos env\u00eda su luz y nos abraza con su calor.[\/vc_custom_heading][vc_custom_heading heading_semantic=\u00bbh3&#8243; text_font=\u00bbfont-762333&#8243; text_size=\u00bbfontsize-555560&#8243; text_weight=\u00bb400&#8243; text_uppercase=\u00bb\u00bb]Y el calor del Sol<br \/>\nes el m\u00e1s natural que existe.[\/vc_custom_heading][\/vc_column_inner][\/vc_row_inner][vc_row_inner row_inner_height_percent=\u00bb0&#8243; overlay_alpha=\u00bb50&#8243; gutter_size=\u00bb3&#8243; shift_y=\u00bb0&#8243; z_index=\u00bb0&#8243; desktop_visibility=\u00bbyes\u00bb medium_visibility=\u00bbyes\u00bb limit_content=\u00bb\u00bb uncode_shortcode_id=\u00bb462613&#8243;][vc_column_inner column_width_percent=\u00bb100&#8243; align_horizontal=\u00bbalign_center\u00bb gutter_size=\u00bb3&#8243; style=\u00bblight\u00bb overlay_alpha=\u00bb50&#8243; shift_x=\u00bb0&#8243; shift_y=\u00bb0&#8243; shift_y_down=\u00bb0&#8243; z_index=\u00bb0&#8243; medium_width=\u00bb0&#8243; mobile_width=\u00bb0&#8243; width=\u00bb1\/1&#8243; uncode_shortcode_id=\u00bb898858&#8243;][vc_custom_heading heading_semantic=\u00bbp\u00bb text_font=\u00bbfont-762333&#8243; text_size=\u00bbfontsize-305237&#8243; text_weight=\u00bb300&#8243; text_uppercase=\u00bb\u00bb uncode_shortcode_id=\u00bb108422&#8243; el_class=\u00bbjustify-content\u00bb]En el pueblo de Nieves, en la isla de La Palma, el cielo se ilumina cada noche a trav\u00e9s de infinitos puntos de luz. De ni\u00f1a, ella so\u00f1aba con los lejanos planetas y galaxias. A\u00f1os despu\u00e9s, se convirti\u00f3 en astrof\u00edsica y comprendi\u00f3 el privilegio de vivir en La Palma, donde incluso hay una ley de protecci\u00f3n contra la contaminaci\u00f3n lum\u00ednica. Es por lo que el Gran Telescopio Canarias, uno de los m\u00e1s avanzados del mundo, fue construido aqu\u00ed. El trabajo de Nieves consiste en observar las estrellas y tiene una favorita: el Sol. Es fascinante. Desde una enorme distancia nos env\u00eda su luz y nos abraza con su calor.[\/vc_custom_heading][vc_custom_heading heading_semantic=\u00bbh3&#8243; text_font=\u00bbfont-762333&#8243; text_size=\u00bbfontsize-661852&#8243; text_weight=\u00bb400&#8243; text_uppercase=\u00bb\u00bb uncode_shortcode_id=\u00bb809587&#8243;]Y el calor<br \/>\ndel Sol es el<br \/>\nm\u00e1s natural que existe.[\/vc_custom_heading][\/vc_column_inner][\/vc_row_inner][vc_single_image media=\u00bb88469&#8243; media_width_use_pixel=\u00bbyes\u00bb alignment=\u00bbcenter\u00bb media_width_pixel=\u00bb100&#8243;][vc_row_inner row_inner_height_percent=\u00bb0&#8243; overlay_alpha=\u00bb50&#8243; gutter_size=\u00bb3&#8243; shift_y=\u00bb0&#8243; z_index=\u00bb0&#8243; mobile_visibility=\u00bbyes\u00bb limit_content=\u00bb\u00bb uncode_shortcode_id=\u00bb884362&#8243;][vc_column_inner column_width_percent=\u00bb100&#8243; align_horizontal=\u00bbalign_center\u00bb gutter_size=\u00bb3&#8243; style=\u00bblight\u00bb overlay_alpha=\u00bb50&#8243; shift_x=\u00bb0&#8243; shift_y=\u00bb0&#8243; shift_y_down=\u00bb0&#8243; z_index=\u00bb0&#8243; medium_width=\u00bb0&#8243; mobile_width=\u00bb0&#8243; width=\u00bb1\/1&#8243;][vc_custom_heading heading_semantic=\u00bbp\u00bb text_font=\u00bbfont-762333&#8243; text_size=\u00bbfontsize-206339&#8243; text_weight=\u00bb300&#8243; text_uppercase=\u00bb\u00bb uncode_shortcode_id=\u00bb440013&#8243;]Los materiales que utilizamos en <strong>Neokdun\u00ae<\/strong> ofrecen una excelente sensaci\u00f3n de calidez. Tiene una gran capacidad aislante y es el material para relleno m\u00e1s sostenible que existe. Su impacto es 18 veces inferior al de las fibras sint\u00e9ticas. Proporciona una sensaci\u00f3n de ligereza y placer similar a la que nos da el Sol.[\/vc_custom_heading][vc_custom_heading heading_semantic=\u00bbh3&#8243; text_font=\u00bbfont-762333&#8243; text_size=\u00bbfontsize-555560&#8243; text_weight=\u00bb400&#8243; text_uppercase=\u00bb\u00bb uncode_shortcode_id=\u00bb168842&#8243;]Calor natural[\/vc_custom_heading][\/vc_column_inner][\/vc_row_inner][vc_row_inner row_inner_height_percent=\u00bb0&#8243; overlay_alpha=\u00bb50&#8243; gutter_size=\u00bb3&#8243; shift_y=\u00bb0&#8243; z_index=\u00bb0&#8243; desktop_visibility=\u00bbyes\u00bb medium_visibility=\u00bbyes\u00bb limit_content=\u00bb\u00bb uncode_shortcode_id=\u00bb392584&#8243;][vc_column_inner column_width_percent=\u00bb100&#8243; align_horizontal=\u00bbalign_center\u00bb gutter_size=\u00bb3&#8243; style=\u00bblight\u00bb overlay_alpha=\u00bb50&#8243; shift_x=\u00bb0&#8243; shift_y=\u00bb0&#8243; shift_y_down=\u00bb0&#8243; z_index=\u00bb0&#8243; medium_width=\u00bb0&#8243; mobile_width=\u00bb0&#8243; width=\u00bb1\/1&#8243; uncode_shortcode_id=\u00bb618111&#8243;][vc_custom_heading heading_semantic=\u00bbp\u00bb text_font=\u00bbfont-762333&#8243; text_size=\u00bbfontsize-305237&#8243; text_weight=\u00bb300&#8243; text_uppercase=\u00bb\u00bb uncode_shortcode_id=\u00bb180262&#8243; el_class=\u00bbjustify-content\u00bb]Los materiales que utilizamos en <strong>Neokdun\u00ae<\/strong> ofrecen una excelente sensaci\u00f3n de calidez. Tiene una gran capacidad aislante y es el material para relleno m\u00e1s sostenible que existe. Su impacto es 18 veces inferior al de las fibras sint\u00e9ticas. Proporciona una sensaci\u00f3n de ligereza y placer similar a la que nos da el Sol.[\/vc_custom_heading][\/vc_column_inner][\/vc_row_inner][\/vc_column][\/vc_row][vc_row unlock_row_content=\u00bbyes\u00bb row_height_percent=\u00bb0&#8243; back_color=\u00bbcolor-774950&#8243; overlay_alpha=\u00bb50&#8243; gutter_size=\u00bb3&#8243; column_width_percent=\u00bb100&#8243; shift_y=\u00bb0&#8243; z_index=\u00bb0&#8243; uncode_shortcode_id=\u00bb426262&#8243; back_color_type=\u00bbuncode-palette\u00bb][vc_column column_width_percent=\u00bb90&#8243; align_horizontal=\u00bbalign_center\u00bb gutter_size=\u00bb5&#8243; overlay_alpha=\u00bb50&#8243; shift_x=\u00bb0&#8243; shift_y=\u00bb0&#8243; shift_y_down=\u00bb0&#8243; z_index=\u00bb0&#8243; medium_width=\u00bb0&#8243; mobile_width=\u00bb0&#8243; width=\u00bb1\/1&#8243; uncode_shortcode_id=\u00bb807239&#8243; css=\u00bb.vc_custom_1653493018956{padding-top: 36px !important;padding-right: 36px !important;padding-bottom: 36px !important;padding-left: 36px !important;}\u00bb][vc_custom_heading text_font=\u00bbfont-762333&#8243; text_size=\u00bbfontsize-160206&#8243; text_weight=\u00bb200&#8243; separator=\u00bbyes\u00bb desktop_visibility=\u00bbyes\u00bb medium_visibility=\u00bbyes\u00bb uncode_shortcode_id=\u00bb147621&#8243;]Calor natural[\/vc_custom_heading][vc_single_image media=\u00bb90790&#8243; media_width_percent=\u00bb100&#8243; uncode_shortcode_id=\u00bb163816&#8243;][\/vc_column][\/vc_row]<\/p>\n","protected":false},"excerpt":{"rendered":"<p>[vc_row unlock_row_content=\u00bbyes\u00bb row_height_percent=\u00bb0&#8243; override_padding=\u00bbyes\u00bb h_padding=\u00bb0&#8243; top_padding=\u00bb0&#8243; bottom_padding=\u00bb0&#8243; back_color=\u00bbcolor-774950&#8243; overlay_color=\u00bbcolor-jevc\u00bb overlay_alpha=\u00bb0&#8243; gutter_size=\u00bb3&#8243; column_width_percent=\u00bb100&#8243; shift_y=\u00bb0&#8243; z_index=\u00bb0&#8243; top_divider=\u00bbhills\u00bb bottom_divider=\u00bbtilt\u00bb css=\u00bb.vc_custom_1652946891833{margin-top: -20px !important;}\u00bb uncode_shortcode_id=\u00bb108427&#8243; [&hellip;]<\/p>\n","protected":false},"author":5,"featured_media":0,"parent":0,"menu_order":0,"comment_status":"closed","ping_status":"closed","template":"","meta":[],"yoast_head":"<!-- This site is optimized with the Yoast SEO plugin v19.6 - https:\/\/yoast.com\/wordpress\/plugins\/seo\/ -->\n<title>Calor Natural - Neokdun<\/title>\n<meta name=\"robots\" content=\"index, follow, max-snippet:-1, max-image-preview:large, max-video-preview:-1\" \/>\n<link rel=\"canonical\" href=\"https:\/\/neokdun.com\/es\/calor-natural\/\" \/>\n<meta property=\"og:locale\" content=\"es_ES\" \/>\n<meta property=\"og:type\" content=\"article\" \/>\n<meta property=\"og:title\" content=\"Calor Natural - Neokdun\" \/>\n<meta property=\"og:description\" content=\"[vc_row unlock_row_content=\u00bbyes\u00bb row_height_percent=\u00bb0&#8243; override_padding=\u00bbyes\u00bb h_padding=\u00bb0&#8243; top_padding=\u00bb0&#8243; bottom_padding=\u00bb0&#8243; back_color=\u00bbcolor-774950&#8243; overlay_color=\u00bbcolor-jevc\u00bb overlay_alpha=\u00bb0&#8243; gutter_size=\u00bb3&#8243; column_width_percent=\u00bb100&#8243; shift_y=\u00bb0&#8243; z_index=\u00bb0&#8243; top_divider=\u00bbhills\u00bb bottom_divider=\u00bbtilt\u00bb css=\u00bb.vc_custom_1652946891833{margin-top: -20px !important;}\u00bb uncode_shortcode_id=\u00bb108427&#8243; [&hellip;]\" \/>\n<meta property=\"og:url\" content=\"https:\/\/neokdun.com\/es\/calor-natural\/\" \/>\n<meta property=\"og:site_name\" content=\"Neokdun\" \/>\n<meta property=\"article:publisher\" content=\"https:\/\/www.facebook.com\/Neokdun-107583101954896\" \/>\n<meta property=\"article:modified_time\" content=\"2022-06-24T09:49:58+00:00\" \/>\n<meta name=\"twitter:card\" content=\"summary_large_image\" \/>\n<meta name=\"twitter:label1\" content=\"Tiempo de lectura\" \/>\n\t<meta name=\"twitter:data1\" content=\"7 minutos\" \/>\n<script type=\"application\/ld+json\" class=\"yoast-schema-graph\">{\"@context\":\"https:\/\/schema.org\",\"@graph\":[{\"@type\":\"WebPage\",\"@id\":\"https:\/\/neokdun.com\/es\/calor-natural\/\",\"url\":\"https:\/\/neokdun.com\/es\/calor-natural\/\",\"name\":\"Calor Natural - Neokdun\",\"isPartOf\":{\"@id\":\"https:\/\/neokdun.com\/#website\"},\"datePublished\":\"2021-06-01T10:46:52+00:00\",\"dateModified\":\"2022-06-24T09:49:58+00:00\",\"breadcrumb\":{\"@id\":\"https:\/\/neokdun.com\/es\/calor-natural\/#breadcrumb\"},\"inLanguage\":\"es\",\"potentialAction\":[{\"@type\":\"ReadAction\",\"target\":[\"https:\/\/neokdun.com\/es\/calor-natural\/\"]}]},{\"@type\":\"BreadcrumbList\",\"@id\":\"https:\/\/neokdun.com\/es\/calor-natural\/#breadcrumb\",\"itemListElement\":[{\"@type\":\"ListItem\",\"position\":1,\"name\":\"Home\",\"item\":\"https:\/\/neokdun.com\/es\/\"},{\"@type\":\"ListItem\",\"position\":2,\"name\":\"Calor Natural\"}]},{\"@type\":\"WebSite\",\"@id\":\"https:\/\/neokdun.com\/#website\",\"url\":\"https:\/\/neokdun.com\/\",\"name\":\"Neokdun\",\"description\":\"Neokdun Nature Matters\",\"publisher\":{\"@id\":\"https:\/\/neokdun.com\/#organization\"},\"potentialAction\":[{\"@type\":\"SearchAction\",\"target\":{\"@type\":\"EntryPoint\",\"urlTemplate\":\"https:\/\/neokdun.com\/?s={search_term_string}\"},\"query-input\":\"required name=search_term_string\"}],\"inLanguage\":\"es\"},{\"@type\":\"Organization\",\"@id\":\"https:\/\/neokdun.com\/#organization\",\"name\":\"Neokdun\",\"url\":\"https:\/\/neokdun.com\/\",\"sameAs\":[\"https:\/\/www.instagram.com\/neokdun\/\",\"https:\/\/www.linkedin.com\/company\/neokdun\/about\/\",\"https:\/\/www.youtube.com\/channel\/UCI2EOzcpGC3w1aWWxbR0MOQ\",\"https:\/\/www.facebook.com\/Neokdun-107583101954896\"],\"logo\":{\"@type\":\"ImageObject\",\"inLanguage\":\"es\",\"@id\":\"https:\/\/neokdun.com\/#\/schema\/logo\/image\/\",\"url\":\"https:\/\/neokdun.com\/wp-content\/uploads\/2022\/08\/logo-neokdun.png\",\"contentUrl\":\"https:\/\/neokdun.com\/wp-content\/uploads\/2022\/08\/logo-neokdun.png\",\"width\":1000,\"height\":1000,\"caption\":\"Neokdun\"},\"image\":{\"@id\":\"https:\/\/neokdun.com\/#\/schema\/logo\/image\/\"}}]}<\/script>\n<!-- \/ Yoast SEO plugin. -->","yoast_head_json":{"title":"Calor Natural - Neokdun","robots":{"index":"index","follow":"follow","max-snippet":"max-snippet:-1","max-image-preview":"max-image-preview:large","max-video-preview":"max-video-preview:-1"},"canonical":"https:\/\/neokdun.com\/es\/calor-natural\/","og_locale":"es_ES","og_type":"article","og_title":"Calor Natural - Neokdun","og_description":"[vc_row unlock_row_content=\u00bbyes\u00bb row_height_percent=\u00bb0&#8243; override_padding=\u00bbyes\u00bb h_padding=\u00bb0&#8243; top_padding=\u00bb0&#8243; bottom_padding=\u00bb0&#8243; back_color=\u00bbcolor-774950&#8243; overlay_color=\u00bbcolor-jevc\u00bb overlay_alpha=\u00bb0&#8243; gutter_size=\u00bb3&#8243; column_width_percent=\u00bb100&#8243; shift_y=\u00bb0&#8243; z_index=\u00bb0&#8243; top_divider=\u00bbhills\u00bb bottom_divider=\u00bbtilt\u00bb css=\u00bb.vc_custom_1652946891833{margin-top: -20px !important;}\u00bb uncode_shortcode_id=\u00bb108427&#8243; [&hellip;]","og_url":"https:\/\/neokdun.com\/es\/calor-natural\/","og_site_name":"Neokdun","article_publisher":"https:\/\/www.facebook.com\/Neokdun-107583101954896","article_modified_time":"2022-06-24T09:49:58+00:00","twitter_card":"summary_large_image","twitter_misc":{"Tiempo de lectura":"7 minutos"},"schema":{"@context":"https:\/\/schema.org","@graph":[{"@type":"WebPage","@id":"https:\/\/neokdun.com\/es\/calor-natural\/","url":"https:\/\/neokdun.com\/es\/calor-natural\/","name":"Calor Natural - Neokdun","isPartOf":{"@id":"https:\/\/neokdun.com\/#website"},"datePublished":"2021-06-01T10:46:52+00:00","dateModified":"2022-06-24T09:49:58+00:00","breadcrumb":{"@id":"https:\/\/neokdun.com\/es\/calor-natural\/#breadcrumb"},"inLanguage":"es","potentialAction":[{"@type":"ReadAction","target":["https:\/\/neokdun.com\/es\/calor-natural\/"]}]},{"@type":"BreadcrumbList","@id":"https:\/\/neokdun.com\/es\/calor-natural\/#breadcrumb","itemListElement":[{"@type":"ListItem","position":1,"name":"Home","item":"https:\/\/neokdun.com\/es\/"},{"@type":"ListItem","position":2,"name":"Calor Natural"}]},{"@type":"WebSite","@id":"https:\/\/neokdun.com\/#website","url":"https:\/\/neokdun.com\/","name":"Neokdun","description":"Neokdun Nature Matters","publisher":{"@id":"https:\/\/neokdun.com\/#organization"},"potentialAction":[{"@type":"SearchAction","target":{"@type":"EntryPoint","urlTemplate":"https:\/\/neokdun.com\/?s={search_term_string}"},"query-input":"required name=search_term_string"}],"inLanguage":"es"},{"@type":"Organization","@id":"https:\/\/neokdun.com\/#organization","name":"Neokdun","url":"https:\/\/neokdun.com\/","sameAs":["https:\/\/www.instagram.com\/neokdun\/","https:\/\/www.linkedin.com\/company\/neokdun\/about\/","https:\/\/www.youtube.com\/channel\/UCI2EOzcpGC3w1aWWxbR0MOQ","https:\/\/www.facebook.com\/Neokdun-107583101954896"],"logo":{"@type":"ImageObject","inLanguage":"es","@id":"https:\/\/neokdun.com\/#\/schema\/logo\/image\/","url":"https:\/\/neokdun.com\/wp-content\/uploads\/2022\/08\/logo-neokdun.png","contentUrl":"https:\/\/neokdun.com\/wp-content\/uploads\/2022\/08\/logo-neokdun.png","width":1000,"height":1000,"caption":"Neokdun"},"image":{"@id":"https:\/\/neokdun.com\/#\/schema\/logo\/image\/"}}]}},"_links":{"self":[{"href":"https:\/\/neokdun.com\/es\/wp-json\/wp\/v2\/pages\/90621"}],"collection":[{"href":"https:\/\/neokdun.com\/es\/wp-json\/wp\/v2\/pages"}],"about":[{"href":"https:\/\/neokdun.com\/es\/wp-json\/wp\/v2\/types\/page"}],"author":[{"embeddable":true,"href":"https:\/\/neokdun.com\/es\/wp-json\/wp\/v2\/users\/5"}],"replies":[{"embeddable":true,"href":"https:\/\/neokdun.com\/es\/wp-json\/wp\/v2\/comments?post=90621"}],"version-history":[{"count":2,"href":"https:\/\/neokdun.com\/es\/wp-json\/wp\/v2\/pages\/90621\/revisions"}],"predecessor-version":[{"id":90792,"href":"https:\/\/neokdun.com\/es\/wp-json\/wp\/v2\/pages\/90621\/revisions\/90792"}],"wp:attachment":[{"href":"https:\/\/neokdun.com\/es\/wp-json\/wp\/v2\/media?parent=90621"}],"curies":[{"name":"wp","href":"https:\/\/api.w.org\/{rel}","templated":true}]}}